{"id":1481,"date":"2024-03-08T03:56:11","date_gmt":"2024-03-08T08:56:11","guid":{"rendered":"https:\/\/bybaleon.com\/?page_id=1481"},"modified":"2024-05-15T17:53:34","modified_gmt":"2024-05-15T22:53:34","slug":"mar-de-leva","status":"publish","type":"page","link":"https:\/\/bybaleon.com\/en\/mar-de-leva\/","title":{"rendered":"Mar de Leva"},"content":{"rendered":"<div data-elementor-type=\"wp-page\" data-elementor-id=\"1481\" class=\"elementor elementor-1481\" data-elementor-post-type=\"page\">\n\t\t\t\t<div class=\"elementor-element elementor-element-5d9200f e-flex e-con-boxed e-con e-parent\" data-id=\"5d9200f\" data-element_type=\"container\" data-e-type=\"container\">\n\t\t\t\t\t<div class=\"e-con-inner\">\n\t\t<div class=\"elementor-element elementor-element-828bce4 e-con-full e-flex e-con e-child\" data-id=\"828bce4\" data-element_type=\"container\" data-e-type=\"container\">\n\t\t\t\t<div class=\"elementor-element elementor-element-ce8876d elementor-hidden-tablet elementor-hidden-mobile elementor-widget elementor-widget-heading\" data-id=\"ce8876d\" data-element_type=\"widget\" data-e-type=\"widget\" data-widget_type=\"heading.default\">\n\t\t\t\t<div class=\"elementor-widget-container\">\n\t\t\t\t\t<p class=\"elementor-heading-title elementor-size-default\"><a href=\"https:\/\/bybaleon.com\/en\/#portafolio\">\u2190 Our Portfolio<\/a><\/p>\t\t\t\t<\/div>\n\t\t\t\t<\/div>\n\t\t\t\t<div class=\"elementor-element elementor-element-3345e04 elementor-hidden-desktop elementor-widget elementor-widget-heading\" data-id=\"3345e04\" data-element_type=\"widget\" data-e-type=\"widget\" data-widget_type=\"heading.default\">\n\t\t\t\t<div class=\"elementor-widget-container\">\n\t\t\t\t\t<p class=\"elementor-heading-title elementor-size-default\"><a href=\"https:\/\/bybaleon.com\/en\/#portafoliomovil\">Our Portfolio<\/a><\/p>\t\t\t\t<\/div>\n\t\t\t\t<\/div>\n\t\t\t\t<\/div>\n\t\t<div class=\"elementor-element elementor-element-644dc17 e-con-full e-flex e-con e-child\" data-id=\"644dc17\" data-element_type=\"container\" data-e-type=\"container\">\n\t\t\t\t<\/div>\n\t\t<div class=\"elementor-element elementor-element-97b09ce e-con-full e-flex e-con e-child\" data-id=\"97b09ce\" data-element_type=\"container\" data-e-type=\"container\">\n\t\t\t\t<div class=\"elementor-element elementor-element-6673e82 elementor-widget elementor-widget-spacer\" data-id=\"6673e82\" data-element_type=\"widget\" data-e-type=\"widget\" data-widget_type=\"spacer.default\">\n\t\t\t\t<div class=\"elementor-widget-container\">\n\t\t\t\t\t\t\t<div class=\"elementor-spacer\">\n\t\t\t<div class=\"elementor-spacer-inner\"><\/div>\n\t\t<\/div>\n\t\t\t\t\t\t<\/div>\n\t\t\t\t<\/div>\n\t\t\t\t<\/div>\n\t\t\t\t\t<\/div>\n\t\t\t\t<\/div>\n\t\t<div class=\"elementor-element elementor-element-cf907b6 e-flex e-con-boxed e-con e-parent\" data-id=\"cf907b6\" data-element_type=\"container\" data-e-type=\"container\">\n\t\t\t\t\t<div class=\"e-con-inner\">\n\t\t\t\t<div class=\"elementor-element elementor-element-cf46b39 elementor-widget-divider--view-line elementor-widget elementor-widget-divider\" data-id=\"cf46b39\" data-element_type=\"widget\" data-e-type=\"widget\" data-widget_type=\"divider.default\">\n\t\t\t\t<div class=\"elementor-widget-container\">\n\t\t\t\t\t\t\t<div class=\"elementor-divider\">\n\t\t\t<span class=\"elementor-divider-separator\">\n\t\t\t\t\t\t<\/span>\n\t\t<\/div>\n\t\t\t\t\t\t<\/div>\n\t\t\t\t<\/div>\n\t\t\t\t\t<\/div>\n\t\t\t\t<\/div>\n\t\t<div class=\"elementor-element elementor-element-7b0f526 e-flex e-con-boxed e-con e-parent\" data-id=\"7b0f526\" data-element_type=\"container\" data-e-type=\"container\">\n\t\t\t\t\t<div class=\"e-con-inner\">\n\t\t<div class=\"elementor-element elementor-element-769c0e6 e-con-full e-flex e-con e-child\" data-id=\"769c0e6\" data-element_type=\"container\" data-e-type=\"container\">\n\t\t\t\t<div class=\"elementor-element elementor-element-074fc55 elementor-widget elementor-widget-text-editor\" data-id=\"074fc55\" data-element_type=\"widget\" data-e-type=\"widget\" data-widget_type=\"text-editor.default\">\n\t\t\t\t<div class=\"elementor-widget-container\">\n\t\t\t\t\t\t\t\t\t<p><strong>Brief_<\/strong><\/p><p><span style=\"font-weight: 400;\">For Mar de Leva, our process of branding is a journey, comprehensive it covers all aspects, from the beginning with the naming, creation of brand identity, from zero up to the production of packaging, building a powerful brand through a full cycle of 360 degrees. This creative journey undertaken by Bale\u00f3n ensures that every element of the identity of the Sea of Cam memorable and meaningful.<\/span><\/p>\t\t\t\t\t\t\t\t<\/div>\n\t\t\t\t<\/div>\n\t\t\t\t<\/div>\n\t\t<div class=\"elementor-element elementor-element-0a6f560 e-con-full e-flex e-con e-child\" data-id=\"0a6f560\" data-element_type=\"container\" data-e-type=\"container\">\n\t\t\t\t<div class=\"elementor-element elementor-element-209b8b2 elementor-widget elementor-widget-text-editor\" data-id=\"209b8b2\" data-element_type=\"widget\" data-e-type=\"widget\" data-widget_type=\"text-editor.default\">\n\t\t\t\t<div class=\"elementor-widget-container\">\n\t\t\t\t\t\t\t\t\t<p><strong>Client_<\/strong><\/p><p>Mar de Leva<br \/>Instagram @mardeleva.col<\/p>\t\t\t\t\t\t\t\t<\/div>\n\t\t\t\t<\/div>\n\t\t\t\t<\/div>\n\t\t<div class=\"elementor-element elementor-element-a6cac7b e-con-full e-flex e-con e-child\" data-id=\"a6cac7b\" data-element_type=\"container\" data-e-type=\"container\">\n\t\t\t\t<div class=\"elementor-element elementor-element-eb7447d elementor-widget elementor-widget-text-editor\" data-id=\"eb7447d\" data-element_type=\"widget\" data-e-type=\"widget\" data-widget_type=\"text-editor.default\">\n\t\t\t\t<div class=\"elementor-widget-container\">\n\t\t\t\t\t\t\t\t\t<p><strong>Service_<\/strong><\/p><p>Branding and Packaging<\/p>\t\t\t\t\t\t\t\t<\/div>\n\t\t\t\t<\/div>\n\t\t\t\t<\/div>\n\t\t<div class=\"elementor-element elementor-element-9219827 e-con-full e-flex e-con e-child\" data-id=\"9219827\" data-element_type=\"container\" data-e-type=\"container\">\n\t\t\t\t<div class=\"elementor-element elementor-element-88398cc elementor-widget elementor-widget-text-editor\" data-id=\"88398cc\" data-element_type=\"widget\" data-e-type=\"widget\" data-widget_type=\"text-editor.default\">\n\t\t\t\t<div class=\"elementor-widget-container\">\n\t\t\t\t\t\t\t\t\t<p><strong>Team_<\/strong><\/p><p>Valentina Jimenez<\/p>\t\t\t\t\t\t\t\t<\/div>\n\t\t\t\t<\/div>\n\t\t\t\t<\/div>\n\t\t\t\t\t<\/div>\n\t\t\t\t<\/div>\n\t\t<div class=\"elementor-element elementor-element-a673d4b e-flex e-con-boxed e-con e-parent\" data-id=\"a673d4b\" data-element_type=\"container\" data-e-type=\"container\">\n\t\t\t\t\t<div class=\"e-con-inner\">\n\t\t<div class=\"elementor-element elementor-element-f9a42bb e-con-full e-flex e-con e-child\" data-id=\"f9a42bb\" data-element_type=\"container\" data-e-type=\"container\">\n\t\t\t\t<div class=\"elementor-element elementor-element-a4a8f21 elementor-widget elementor-widget-image\" data-id=\"a4a8f21\" data-element_type=\"widget\" data-e-type=\"widget\" data-widget_type=\"image.default\">\n\t\t\t\t<div class=\"elementor-widget-container\">\n\t\t\t\t\t\t\t\t\t\t\t\t\t\t\t<img fetchpriority=\"high\" decoding=\"async\" width=\"1280\" height=\"820\" src=\"https:\/\/bybaleon.com\/wp-content\/uploads\/2024\/03\/mardeleva1.png\" class=\"attachment-full size-full wp-image-1450\" alt=\"\" srcset=\"https:\/\/bybaleon.com\/wp-content\/uploads\/2024\/03\/mardeleva1.png 1280w, https:\/\/bybaleon.com\/wp-content\/uploads\/2024\/03\/mardeleva1-300x192.png 300w, https:\/\/bybaleon.com\/wp-content\/uploads\/2024\/03\/mardeleva1-1024x656.png 1024w, https:\/\/bybaleon.com\/wp-content\/uploads\/2024\/03\/mardeleva1-768x492.png 768w\" sizes=\"(max-width: 1280px) 100vw, 1280px\" \/>\t\t\t\t\t\t\t\t\t\t\t\t\t\t\t<\/div>\n\t\t\t\t<\/div>\n\t\t\t\t<\/div>\n\t\t<div class=\"elementor-element elementor-element-4b714e2 e-con-full e-flex e-con e-child\" data-id=\"4b714e2\" data-element_type=\"container\" data-e-type=\"container\">\n\t\t\t\t<div class=\"elementor-element elementor-element-0bbbed9 elementor-widget elementor-widget-image\" data-id=\"0bbbed9\" data-element_type=\"widget\" data-e-type=\"widget\" data-widget_type=\"image.default\">\n\t\t\t\t<div class=\"elementor-widget-container\">\n\t\t\t\t\t\t\t\t\t\t\t\t\t\t\t<img decoding=\"async\" width=\"1280\" height=\"820\" src=\"https:\/\/bybaleon.com\/wp-content\/uploads\/2024\/03\/mardeleva3.png\" class=\"attachment-full size-full wp-image-1448\" alt=\"\" srcset=\"https:\/\/bybaleon.com\/wp-content\/uploads\/2024\/03\/mardeleva3.png 1280w, https:\/\/bybaleon.com\/wp-content\/uploads\/2024\/03\/mardeleva3-300x192.png 300w, https:\/\/bybaleon.com\/wp-content\/uploads\/2024\/03\/mardeleva3-1024x656.png 1024w, https:\/\/bybaleon.com\/wp-content\/uploads\/2024\/03\/mardeleva3-768x492.png 768w\" sizes=\"(max-width: 1280px) 100vw, 1280px\" \/>\t\t\t\t\t\t\t\t\t\t\t\t\t\t\t<\/div>\n\t\t\t\t<\/div>\n\t\t\t\t<div class=\"elementor-element elementor-element-f5a5818 elementor-widget elementor-widget-image\" data-id=\"f5a5818\" data-element_type=\"widget\" data-e-type=\"widget\" data-widget_type=\"image.default\">\n\t\t\t\t<div class=\"elementor-widget-container\">\n\t\t\t\t\t\t\t\t\t\t\t\t\t\t\t<img decoding=\"async\" width=\"1280\" height=\"820\" src=\"https:\/\/bybaleon.com\/wp-content\/uploads\/2024\/03\/mardeleva5.png\" class=\"attachment-full size-full wp-image-1446\" alt=\"\" srcset=\"https:\/\/bybaleon.com\/wp-content\/uploads\/2024\/03\/mardeleva5.png 1280w, https:\/\/bybaleon.com\/wp-content\/uploads\/2024\/03\/mardeleva5-300x192.png 300w, https:\/\/bybaleon.com\/wp-content\/uploads\/2024\/03\/mardeleva5-1024x656.png 1024w, https:\/\/bybaleon.com\/wp-content\/uploads\/2024\/03\/mardeleva5-768x492.png 768w\" sizes=\"(max-width: 1280px) 100vw, 1280px\" \/>\t\t\t\t\t\t\t\t\t\t\t\t\t\t\t<\/div>\n\t\t\t\t<\/div>\n\t\t\t\t<\/div>\n\t\t<div class=\"elementor-element elementor-element-1b4df55 e-con-full e-flex e-con e-child\" data-id=\"1b4df55\" data-element_type=\"container\" data-e-type=\"container\">\n\t\t\t\t<div class=\"elementor-element elementor-element-be7e0ee elementor-widget elementor-widget-image\" data-id=\"be7e0ee\" data-element_type=\"widget\" data-e-type=\"widget\" data-widget_type=\"image.default\">\n\t\t\t\t<div class=\"elementor-widget-container\">\n\t\t\t\t\t\t\t\t\t\t\t\t\t\t\t<img loading=\"lazy\" decoding=\"async\" width=\"1280\" height=\"778\" src=\"https:\/\/bybaleon.com\/wp-content\/uploads\/2024\/03\/mardeleva4.png\" class=\"attachment-full size-full wp-image-1449\" alt=\"\" srcset=\"https:\/\/bybaleon.com\/wp-content\/uploads\/2024\/03\/mardeleva4.png 1280w, https:\/\/bybaleon.com\/wp-content\/uploads\/2024\/03\/mardeleva4-300x182.png 300w, https:\/\/bybaleon.com\/wp-content\/uploads\/2024\/03\/mardeleva4-1024x622.png 1024w, https:\/\/bybaleon.com\/wp-content\/uploads\/2024\/03\/mardeleva4-768x467.png 768w\" sizes=\"(max-width: 1280px) 100vw, 1280px\" \/>\t\t\t\t\t\t\t\t\t\t\t\t\t\t\t<\/div>\n\t\t\t\t<\/div>\n\t\t\t\t<\/div>\n\t\t<div class=\"elementor-element elementor-element-4bbba23 e-con-full e-flex e-con e-child\" data-id=\"4bbba23\" data-element_type=\"container\" data-e-type=\"container\">\n\t\t\t\t<div class=\"elementor-element elementor-element-1f9af18 elementor-widget elementor-widget-image\" data-id=\"1f9af18\" data-element_type=\"widget\" data-e-type=\"widget\" data-widget_type=\"image.default\">\n\t\t\t\t<div class=\"elementor-widget-container\">\n\t\t\t\t\t\t\t\t\t\t\t\t\t\t\t<img loading=\"lazy\" decoding=\"async\" width=\"1139\" height=\"494\" src=\"https:\/\/bybaleon.com\/wp-content\/uploads\/2024\/03\/mardeleva2-e1715704816137.png\" class=\"attachment-full size-full wp-image-1447\" alt=\"\" srcset=\"https:\/\/bybaleon.com\/wp-content\/uploads\/2024\/03\/mardeleva2-e1715704816137.png 1139w, https:\/\/bybaleon.com\/wp-content\/uploads\/2024\/03\/mardeleva2-e1715704816137-300x130.png 300w, https:\/\/bybaleon.com\/wp-content\/uploads\/2024\/03\/mardeleva2-e1715704816137-1024x444.png 1024w, https:\/\/bybaleon.com\/wp-content\/uploads\/2024\/03\/mardeleva2-e1715704816137-768x333.png 768w\" sizes=\"(max-width: 1139px) 100vw, 1139px\" \/>\t\t\t\t\t\t\t\t\t\t\t\t\t\t\t<\/div>\n\t\t\t\t<\/div>\n\t\t\t\t<\/div>\n\t\t\t\t\t<\/div>\n\t\t\t\t<\/div>\n\t\t\t\t<\/div>","protected":false},"excerpt":{"rendered":"<p>Mar de Leva, it is a journey integral with creation of brand identity, from zero up to the production of packaging in a complete cycle of 360 degrees.<\/p>","protected":false},"author":1,"featured_media":1448,"parent":0,"menu_order":0,"comment_status":"closed","ping_status":"closed","template":"","meta":{"inline_featured_image":false,"footnotes":""},"class_list":["post-1481","page","type-page","status-publish","has-post-thumbnail","hentry"],"yoast_head":"<!-- This site is optimized with the Yoast SEO plugin v27.4 - https:\/\/yoast.com\/product\/yoast-seo-wordpress\/ -->\n<title>Mar de Leva - Bale\u00f3n<\/title>\n<meta name=\"description\" content=\"Mar de Leva, es una traves\u00eda integral con creaci\u00f3n de identidad de marca desde cero hasta la producci\u00f3n de empaques en un ciclo completo de 360\u00ba.\" \/>\n<meta name=\"robots\" content=\"index, follow, max-snippet:-1, max-image-preview:large, max-video-preview:-1\" \/>\n<link rel=\"canonical\" href=\"https:\/\/bybaleon.com\/en\/mar-de-leva\/\" \/>\n<meta property=\"og:locale\" content=\"en_US\" \/>\n<meta property=\"og:type\" content=\"article\" \/>\n<meta property=\"og:title\" content=\"Mar de Leva - Bale\u00f3n\" \/>\n<meta property=\"og:description\" content=\"Mar de Leva, es una traves\u00eda integral con creaci\u00f3n de identidad de marca desde cero hasta la producci\u00f3n de empaques en un ciclo completo de 360\u00ba.\" \/>\n<meta property=\"og:url\" content=\"https:\/\/bybaleon.com\/en\/mar-de-leva\/\" \/>\n<meta property=\"og:site_name\" content=\"Bale\u00f3n\" \/>\n<meta property=\"article:publisher\" content=\"https:\/\/www.facebook.com\/bybaleon\/\" \/>\n<meta property=\"article:modified_time\" content=\"2024-05-15T22:53:34+00:00\" \/>\n<meta property=\"og:image\" content=\"https:\/\/bybaleon.com\/wp-content\/uploads\/2024\/03\/mardeleva3.png\" \/>\n\t<meta property=\"og:image:width\" content=\"1280\" \/>\n\t<meta property=\"og:image:height\" content=\"820\" \/>\n\t<meta property=\"og:image:type\" content=\"image\/png\" \/>\n<meta name=\"twitter:card\" content=\"summary_large_image\" \/>\n<meta name=\"twitter:label1\" content=\"Est. reading time\" \/>\n\t<meta name=\"twitter:data1\" content=\"2 minutes\" \/>\n<script type=\"application\/ld+json\" class=\"yoast-schema-graph\">{\"@context\":\"https:\\\/\\\/schema.org\",\"@graph\":[{\"@type\":\"WebPage\",\"@id\":\"https:\\\/\\\/bybaleon.com\\\/mar-de-leva\\\/\",\"url\":\"https:\\\/\\\/bybaleon.com\\\/mar-de-leva\\\/\",\"name\":\"Mar de Leva - Bale\u00f3n\",\"isPartOf\":{\"@id\":\"https:\\\/\\\/bybaleon.com\\\/#website\"},\"primaryImageOfPage\":{\"@id\":\"https:\\\/\\\/bybaleon.com\\\/mar-de-leva\\\/#primaryimage\"},\"image\":{\"@id\":\"https:\\\/\\\/bybaleon.com\\\/mar-de-leva\\\/#primaryimage\"},\"thumbnailUrl\":\"https:\\\/\\\/bybaleon.com\\\/wp-content\\\/uploads\\\/2024\\\/03\\\/mardeleva3.png\",\"datePublished\":\"2024-03-08T08:56:11+00:00\",\"dateModified\":\"2024-05-15T22:53:34+00:00\",\"description\":\"Mar de Leva, es una traves\u00eda integral con creaci\u00f3n de identidad de marca desde cero hasta la producci\u00f3n de empaques en un ciclo completo de 360\u00ba.\",\"breadcrumb\":{\"@id\":\"https:\\\/\\\/bybaleon.com\\\/mar-de-leva\\\/#breadcrumb\"},\"inLanguage\":\"en-US\",\"potentialAction\":[{\"@type\":\"ReadAction\",\"target\":[\"https:\\\/\\\/bybaleon.com\\\/mar-de-leva\\\/\"]}]},{\"@type\":\"ImageObject\",\"inLanguage\":\"en-US\",\"@id\":\"https:\\\/\\\/bybaleon.com\\\/mar-de-leva\\\/#primaryimage\",\"url\":\"https:\\\/\\\/bybaleon.com\\\/wp-content\\\/uploads\\\/2024\\\/03\\\/mardeleva3.png\",\"contentUrl\":\"https:\\\/\\\/bybaleon.com\\\/wp-content\\\/uploads\\\/2024\\\/03\\\/mardeleva3.png\",\"width\":1280,\"height\":820},{\"@type\":\"BreadcrumbList\",\"@id\":\"https:\\\/\\\/bybaleon.com\\\/mar-de-leva\\\/#breadcrumb\",\"itemListElement\":[{\"@type\":\"ListItem\",\"position\":1,\"name\":\"Inicio\",\"item\":\"https:\\\/\\\/bybaleon.com\\\/\"},{\"@type\":\"ListItem\",\"position\":2,\"name\":\"Mar de Leva\"}]},{\"@type\":\"WebSite\",\"@id\":\"https:\\\/\\\/bybaleon.com\\\/#website\",\"url\":\"https:\\\/\\\/bybaleon.com\\\/\",\"name\":\"Bale\u00f3n\",\"description\":\"Tu Aliado Camale\u00f3nico\",\"publisher\":{\"@id\":\"https:\\\/\\\/bybaleon.com\\\/#organization\"},\"potentialAction\":[{\"@type\":\"SearchAction\",\"target\":{\"@type\":\"EntryPoint\",\"urlTemplate\":\"https:\\\/\\\/bybaleon.com\\\/?s={search_term_string}\"},\"query-input\":{\"@type\":\"PropertyValueSpecification\",\"valueRequired\":true,\"valueName\":\"search_term_string\"}}],\"inLanguage\":\"en-US\"},{\"@type\":\"Organization\",\"@id\":\"https:\\\/\\\/bybaleon.com\\\/#organization\",\"name\":\"Bale\u00f3n\",\"url\":\"https:\\\/\\\/bybaleon.com\\\/\",\"logo\":{\"@type\":\"ImageObject\",\"inLanguage\":\"en-US\",\"@id\":\"https:\\\/\\\/bybaleon.com\\\/#\\\/schema\\\/logo\\\/image\\\/\",\"url\":\"https:\\\/\\\/bybaleon.com\\\/wp-content\\\/uploads\\\/2023\\\/11\\\/logo-baleon-01.svg\",\"contentUrl\":\"https:\\\/\\\/bybaleon.com\\\/wp-content\\\/uploads\\\/2023\\\/11\\\/logo-baleon-01.svg\",\"width\":1280,\"height\":384,\"caption\":\"Bale\u00f3n\"},\"image\":{\"@id\":\"https:\\\/\\\/bybaleon.com\\\/#\\\/schema\\\/logo\\\/image\\\/\"},\"sameAs\":[\"https:\\\/\\\/www.facebook.com\\\/bybaleon\\\/\",\"https:\\\/\\\/www.instagram.com\\\/bybaleon\\\/\",\"https:\\\/\\\/www.tiktok.com\\\/@bybaleon\",\"https:\\\/\\\/www.linkedin.com\\\/company\\\/baleon-digital-creative-studio\\\/\"]}]}<\/script>\n<!-- \/ Yoast SEO plugin. -->","yoast_head_json":{"title":"Mar de Leva - Bale\u00f3n","description":"Mar de Leva, it is a journey integral with creation of brand identity, from zero up to the production of packaging in a complete cycle of 360 degrees.","robots":{"index":"index","follow":"follow","max-snippet":"max-snippet:-1","max-image-preview":"max-image-preview:large","max-video-preview":"max-video-preview:-1"},"canonical":"https:\/\/bybaleon.com\/en\/mar-de-leva\/","og_locale":"en_US","og_type":"article","og_title":"Mar de Leva - Bale\u00f3n","og_description":"Mar de Leva, es una traves\u00eda integral con creaci\u00f3n de identidad de marca desde cero hasta la producci\u00f3n de empaques en un ciclo completo de 360\u00ba.","og_url":"https:\/\/bybaleon.com\/en\/mar-de-leva\/","og_site_name":"Bale\u00f3n","article_publisher":"https:\/\/www.facebook.com\/bybaleon\/","article_modified_time":"2024-05-15T22:53:34+00:00","og_image":[{"width":1280,"height":820,"url":"https:\/\/bybaleon.com\/wp-content\/uploads\/2024\/03\/mardeleva3.png","type":"image\/png"}],"twitter_card":"summary_large_image","twitter_misc":{"Est. reading time":"2 minutes"},"schema":{"@context":"https:\/\/schema.org","@graph":[{"@type":"WebPage","@id":"https:\/\/bybaleon.com\/mar-de-leva\/","url":"https:\/\/bybaleon.com\/mar-de-leva\/","name":"Mar de Leva - Bale\u00f3n","isPartOf":{"@id":"https:\/\/bybaleon.com\/#website"},"primaryImageOfPage":{"@id":"https:\/\/bybaleon.com\/mar-de-leva\/#primaryimage"},"image":{"@id":"https:\/\/bybaleon.com\/mar-de-leva\/#primaryimage"},"thumbnailUrl":"https:\/\/bybaleon.com\/wp-content\/uploads\/2024\/03\/mardeleva3.png","datePublished":"2024-03-08T08:56:11+00:00","dateModified":"2024-05-15T22:53:34+00:00","description":"Mar de Leva, it is a journey integral with creation of brand identity, from zero up to the production of packaging in a complete cycle of 360 degrees.","breadcrumb":{"@id":"https:\/\/bybaleon.com\/mar-de-leva\/#breadcrumb"},"inLanguage":"en-US","potentialAction":[{"@type":"ReadAction","target":["https:\/\/bybaleon.com\/mar-de-leva\/"]}]},{"@type":"ImageObject","inLanguage":"en-US","@id":"https:\/\/bybaleon.com\/mar-de-leva\/#primaryimage","url":"https:\/\/bybaleon.com\/wp-content\/uploads\/2024\/03\/mardeleva3.png","contentUrl":"https:\/\/bybaleon.com\/wp-content\/uploads\/2024\/03\/mardeleva3.png","width":1280,"height":820},{"@type":"BreadcrumbList","@id":"https:\/\/bybaleon.com\/mar-de-leva\/#breadcrumb","itemListElement":[{"@type":"ListItem","position":1,"name":"Inicio","item":"https:\/\/bybaleon.com\/"},{"@type":"ListItem","position":2,"name":"Mar de Leva"}]},{"@type":"WebSite","@id":"https:\/\/bybaleon.com\/#website","url":"https:\/\/bybaleon.com\/","name":"Bale\u00f3n","description":"Your Ally Chameleon","publisher":{"@id":"https:\/\/bybaleon.com\/#organization"},"potentialAction":[{"@type":"SearchAction","target":{"@type":"EntryPoint","urlTemplate":"https:\/\/bybaleon.com\/?s={search_term_string}"},"query-input":{"@type":"PropertyValueSpecification","valueRequired":true,"valueName":"search_term_string"}}],"inLanguage":"en-US"},{"@type":"Organization","@id":"https:\/\/bybaleon.com\/#organization","name":"Bale\u00f3n","url":"https:\/\/bybaleon.com\/","logo":{"@type":"ImageObject","inLanguage":"en-US","@id":"https:\/\/bybaleon.com\/#\/schema\/logo\/image\/","url":"https:\/\/bybaleon.com\/wp-content\/uploads\/2023\/11\/logo-baleon-01.svg","contentUrl":"https:\/\/bybaleon.com\/wp-content\/uploads\/2023\/11\/logo-baleon-01.svg","width":1280,"height":384,"caption":"Bale\u00f3n"},"image":{"@id":"https:\/\/bybaleon.com\/#\/schema\/logo\/image\/"},"sameAs":["https:\/\/www.facebook.com\/bybaleon\/","https:\/\/www.instagram.com\/bybaleon\/","https:\/\/www.tiktok.com\/@bybaleon","https:\/\/www.linkedin.com\/company\/baleon-digital-creative-studio\/"]}]}},"_links":{"self":[{"href":"https:\/\/bybaleon.com\/en\/wp-json\/wp\/v2\/pages\/1481","targetHints":{"allow":["GET"]}}],"collection":[{"href":"https:\/\/bybaleon.com\/en\/wp-json\/wp\/v2\/pages"}],"about":[{"href":"https:\/\/bybaleon.com\/en\/wp-json\/wp\/v2\/types\/page"}],"author":[{"embeddable":true,"href":"https:\/\/bybaleon.com\/en\/wp-json\/wp\/v2\/users\/1"}],"replies":[{"embeddable":true,"href":"https:\/\/bybaleon.com\/en\/wp-json\/wp\/v2\/comments?post=1481"}],"version-history":[{"count":39,"href":"https:\/\/bybaleon.com\/en\/wp-json\/wp\/v2\/pages\/1481\/revisions"}],"predecessor-version":[{"id":2311,"href":"https:\/\/bybaleon.com\/en\/wp-json\/wp\/v2\/pages\/1481\/revisions\/2311"}],"wp:featuredmedia":[{"embeddable":true,"href":"https:\/\/bybaleon.com\/en\/wp-json\/wp\/v2\/media\/1448"}],"wp:attachment":[{"href":"https:\/\/bybaleon.com\/en\/wp-json\/wp\/v2\/media?parent=1481"}],"curies":[{"name":"wp","href":"https:\/\/api.w.org\/{rel}","templated":true}]}}