{"id":1487,"date":"2024-03-08T04:04:50","date_gmt":"2024-03-08T09:04:50","guid":{"rendered":"https:\/\/bybaleon.com\/?page_id=1487"},"modified":"2024-05-15T17:55:26","modified_gmt":"2024-05-15T22:55:26","slug":"karu-chocolates","status":"publish","type":"page","link":"https:\/\/bybaleon.com\/en\/karu-chocolates\/","title":{"rendered":"Kar\u00fc Chocolates"},"content":{"rendered":"<div data-elementor-type=\"wp-page\" data-elementor-id=\"1487\" class=\"elementor elementor-1487\" data-elementor-post-type=\"page\">\n\t\t\t\t<div class=\"elementor-element elementor-element-5d9200f e-flex e-con-boxed e-con e-parent\" data-id=\"5d9200f\" data-element_type=\"container\" data-e-type=\"container\">\n\t\t\t\t\t<div class=\"e-con-inner\">\n\t\t<div class=\"elementor-element elementor-element-828bce4 e-con-full e-flex e-con e-child\" data-id=\"828bce4\" data-element_type=\"container\" data-e-type=\"container\">\n\t\t\t\t<div class=\"elementor-element elementor-element-30760f0 elementor-hidden-tablet elementor-hidden-mobile elementor-widget elementor-widget-heading\" data-id=\"30760f0\" data-element_type=\"widget\" data-e-type=\"widget\" data-widget_type=\"heading.default\">\n\t\t\t\t<div class=\"elementor-widget-container\">\n\t\t\t\t\t<p class=\"elementor-heading-title elementor-size-default\"><a href=\"https:\/\/bybaleon.com\/en\/#portafolio\">\u2190 Our Portfolio<\/a><\/p>\t\t\t\t<\/div>\n\t\t\t\t<\/div>\n\t\t\t\t<div class=\"elementor-element elementor-element-260b061 elementor-hidden-desktop elementor-widget elementor-widget-heading\" data-id=\"260b061\" data-element_type=\"widget\" data-e-type=\"widget\" data-widget_type=\"heading.default\">\n\t\t\t\t<div class=\"elementor-widget-container\">\n\t\t\t\t\t<p class=\"elementor-heading-title elementor-size-default\"><a href=\"https:\/\/bybaleon.com\/en\/#portafoliomovil\">Our Portfolio<\/a><\/p>\t\t\t\t<\/div>\n\t\t\t\t<\/div>\n\t\t\t\t<\/div>\n\t\t<div class=\"elementor-element elementor-element-644dc17 e-con-full e-flex e-con e-child\" data-id=\"644dc17\" data-element_type=\"container\" data-e-type=\"container\">\n\t\t\t\t<\/div>\n\t\t<div class=\"elementor-element elementor-element-97b09ce e-con-full e-flex e-con e-child\" data-id=\"97b09ce\" data-element_type=\"container\" data-e-type=\"container\">\n\t\t\t\t<div class=\"elementor-element elementor-element-6673e82 elementor-widget elementor-widget-spacer\" data-id=\"6673e82\" data-element_type=\"widget\" data-e-type=\"widget\" data-widget_type=\"spacer.default\">\n\t\t\t\t<div class=\"elementor-widget-container\">\n\t\t\t\t\t\t\t<div class=\"elementor-spacer\">\n\t\t\t<div class=\"elementor-spacer-inner\"><\/div>\n\t\t<\/div>\n\t\t\t\t\t\t<\/div>\n\t\t\t\t<\/div>\n\t\t\t\t<\/div>\n\t\t\t\t\t<\/div>\n\t\t\t\t<\/div>\n\t\t<div class=\"elementor-element elementor-element-cf907b6 e-flex e-con-boxed e-con e-parent\" data-id=\"cf907b6\" data-element_type=\"container\" data-e-type=\"container\">\n\t\t\t\t\t<div class=\"e-con-inner\">\n\t\t\t\t<div class=\"elementor-element elementor-element-cf46b39 elementor-widget-divider--view-line elementor-widget elementor-widget-divider\" data-id=\"cf46b39\" data-element_type=\"widget\" data-e-type=\"widget\" data-widget_type=\"divider.default\">\n\t\t\t\t<div class=\"elementor-widget-container\">\n\t\t\t\t\t\t\t<div class=\"elementor-divider\">\n\t\t\t<span class=\"elementor-divider-separator\">\n\t\t\t\t\t\t<\/span>\n\t\t<\/div>\n\t\t\t\t\t\t<\/div>\n\t\t\t\t<\/div>\n\t\t\t\t\t<\/div>\n\t\t\t\t<\/div>\n\t\t<div class=\"elementor-element elementor-element-7b0f526 e-flex e-con-boxed e-con e-parent\" data-id=\"7b0f526\" data-element_type=\"container\" data-e-type=\"container\">\n\t\t\t\t\t<div class=\"e-con-inner\">\n\t\t<div class=\"elementor-element elementor-element-769c0e6 e-con-full e-flex e-con e-child\" data-id=\"769c0e6\" data-element_type=\"container\" data-e-type=\"container\">\n\t\t\t\t<div class=\"elementor-element elementor-element-074fc55 elementor-widget elementor-widget-text-editor\" data-id=\"074fc55\" data-element_type=\"widget\" data-e-type=\"widget\" data-widget_type=\"text-editor.default\">\n\t\t\t\t<div class=\"elementor-widget-container\">\n\t\t\t\t\t\t\t\t\t<p><strong>Brief_<\/strong><\/p><p><span style=\"font-weight: 400;\">In the creation of the packaging for Kar\u00fc Chocolates, the process is carried out with attention to detail to ensure a unique presentation, attractive, that reflects the essence and quality of their products.<\/span><\/p><p>We created the strategic design and also produce your packaging.<\/p>\t\t\t\t\t\t\t\t<\/div>\n\t\t\t\t<\/div>\n\t\t\t\t<\/div>\n\t\t<div class=\"elementor-element elementor-element-0a6f560 e-con-full e-flex e-con e-child\" data-id=\"0a6f560\" data-element_type=\"container\" data-e-type=\"container\">\n\t\t\t\t<div class=\"elementor-element elementor-element-209b8b2 elementor-widget elementor-widget-text-editor\" data-id=\"209b8b2\" data-element_type=\"widget\" data-e-type=\"widget\" data-widget_type=\"text-editor.default\">\n\t\t\t\t<div class=\"elementor-widget-container\">\n\t\t\t\t\t\t\t\t\t<p><strong>Client_<\/strong><\/p><p><span style=\"font-weight: 400;\">Kar\u00fc Chocolates<br \/><\/span><span style=\"font-weight: 400;\">@karuchocolates<\/span><\/p>\t\t\t\t\t\t\t\t<\/div>\n\t\t\t\t<\/div>\n\t\t\t\t<\/div>\n\t\t<div class=\"elementor-element elementor-element-a6cac7b e-con-full e-flex e-con e-child\" data-id=\"a6cac7b\" data-element_type=\"container\" data-e-type=\"container\">\n\t\t\t\t<div class=\"elementor-element elementor-element-eb7447d elementor-widget elementor-widget-text-editor\" data-id=\"eb7447d\" data-element_type=\"widget\" data-e-type=\"widget\" data-widget_type=\"text-editor.default\">\n\t\t\t\t<div class=\"elementor-widget-container\">\n\t\t\t\t\t\t\t\t\t<p><strong>Service_<\/strong><\/p><p><span style=\"font-weight: 400;\">Design and production of packaging<\/span><\/p>\t\t\t\t\t\t\t\t<\/div>\n\t\t\t\t<\/div>\n\t\t\t\t<\/div>\n\t\t<div class=\"elementor-element elementor-element-9219827 e-con-full e-flex e-con e-child\" data-id=\"9219827\" data-element_type=\"container\" data-e-type=\"container\">\n\t\t\t\t<div class=\"elementor-element elementor-element-88398cc elementor-widget elementor-widget-text-editor\" data-id=\"88398cc\" data-element_type=\"widget\" data-e-type=\"widget\" data-widget_type=\"text-editor.default\">\n\t\t\t\t<div class=\"elementor-widget-container\">\n\t\t\t\t\t\t\t\t\t<p><strong>Team_<\/strong><\/p><p><span style=\"font-weight: 400;\">Valentina Jimenez<br \/><\/span><span style=\"font-weight: 400;\">Lorena Sanchez<br \/><\/span><span style=\"font-weight: 400;\">Sergio Badillo<br \/><\/span><span style=\"font-weight: 400;\">Pedro Ramirez<\/span><\/p>\t\t\t\t\t\t\t\t<\/div>\n\t\t\t\t<\/div>\n\t\t\t\t<\/div>\n\t\t\t\t\t<\/div>\n\t\t\t\t<\/div>\n\t\t<div class=\"elementor-element elementor-element-a673d4b e-flex e-con-boxed e-con e-parent\" data-id=\"a673d4b\" data-element_type=\"container\" data-e-type=\"container\">\n\t\t\t\t\t<div class=\"e-con-inner\">\n\t\t<div class=\"elementor-element elementor-element-f9a42bb e-con-full e-flex e-con e-child\" data-id=\"f9a42bb\" data-element_type=\"container\" data-e-type=\"container\">\n\t\t\t\t<div class=\"elementor-element elementor-element-c3b1a27 elementor-widget elementor-widget-video\" data-id=\"c3b1a27\" data-element_type=\"widget\" data-e-type=\"widget\" data-settings=\"{&quot;video_type&quot;:&quot;hosted&quot;,&quot;autoplay&quot;:&quot;yes&quot;,&quot;play_on_mobile&quot;:&quot;yes&quot;,&quot;mute&quot;:&quot;yes&quot;,&quot;loop&quot;:&quot;yes&quot;}\" data-widget_type=\"video.default\">\n\t\t\t\t<div class=\"elementor-widget-container\">\n\t\t\t\t\t\t\t<div class=\"e-hosted-video elementor-wrapper elementor-open-inline\">\n\t\t\t\t\t<video class=\"elementor-video\" src=\"https:\/\/bybaleon.com\/wp-content\/uploads\/2024\/03\/02.mp4\" autoplay=\"\" loop=\"\" muted=\"muted\" playsinline=\"\" controlslist=\"nodownload\"><\/video>\n\t\t\t\t<\/div>\n\t\t\t\t\t\t<\/div>\n\t\t\t\t<\/div>\n\t\t\t\t<\/div>\n\t\t<div class=\"elementor-element elementor-element-4b714e2 e-con-full e-flex e-con e-child\" data-id=\"4b714e2\" data-element_type=\"container\" data-e-type=\"container\">\n\t\t\t\t<div class=\"elementor-element elementor-element-a4a8f21 elementor-widget elementor-widget-image\" data-id=\"a4a8f21\" data-element_type=\"widget\" data-e-type=\"widget\" data-widget_type=\"image.default\">\n\t\t\t\t<div class=\"elementor-widget-container\">\n\t\t\t\t\t\t\t\t\t\t\t\t\t\t\t<img fetchpriority=\"high\" decoding=\"async\" width=\"400\" height=\"600\" src=\"https:\/\/bybaleon.com\/wp-content\/uploads\/2024\/03\/Karu-02.png\" class=\"attachment-full size-full wp-image-1454\" alt=\"\" srcset=\"https:\/\/bybaleon.com\/wp-content\/uploads\/2024\/03\/Karu-02.png 400w, https:\/\/bybaleon.com\/wp-content\/uploads\/2024\/03\/Karu-02-200x300.png 200w\" sizes=\"(max-width: 400px) 100vw, 400px\" \/>\t\t\t\t\t\t\t\t\t\t\t\t\t\t\t<\/div>\n\t\t\t\t<\/div>\n\t\t\t\t<\/div>\n\t\t<div class=\"elementor-element elementor-element-1b4df55 e-con-full e-flex e-con e-child\" data-id=\"1b4df55\" data-element_type=\"container\" data-e-type=\"container\">\n\t\t\t\t<div class=\"elementor-element elementor-element-be7e0ee elementor-widget elementor-widget-image\" data-id=\"be7e0ee\" data-element_type=\"widget\" data-e-type=\"widget\" data-widget_type=\"image.default\">\n\t\t\t\t<div class=\"elementor-widget-container\">\n\t\t\t\t\t\t\t\t\t\t\t\t\t\t\t<img decoding=\"async\" width=\"400\" height=\"600\" src=\"https:\/\/bybaleon.com\/wp-content\/uploads\/2024\/03\/Karu-03.png\" class=\"attachment-full size-full wp-image-1455\" alt=\"\" srcset=\"https:\/\/bybaleon.com\/wp-content\/uploads\/2024\/03\/Karu-03.png 400w, https:\/\/bybaleon.com\/wp-content\/uploads\/2024\/03\/Karu-03-200x300.png 200w\" sizes=\"(max-width: 400px) 100vw, 400px\" \/>\t\t\t\t\t\t\t\t\t\t\t\t\t\t\t<\/div>\n\t\t\t\t<\/div>\n\t\t\t\t<\/div>\n\t\t<div class=\"elementor-element elementor-element-4ab0860 e-con-full e-flex e-con e-child\" data-id=\"4ab0860\" data-element_type=\"container\" data-e-type=\"container\">\n\t\t\t\t<div class=\"elementor-element elementor-element-77f8c80 elementor-widget elementor-widget-image\" data-id=\"77f8c80\" data-element_type=\"widget\" data-e-type=\"widget\" data-widget_type=\"image.default\">\n\t\t\t\t<div class=\"elementor-widget-container\">\n\t\t\t\t\t\t\t\t\t\t\t\t\t\t\t<img decoding=\"async\" width=\"400\" height=\"600\" src=\"https:\/\/bybaleon.com\/wp-content\/uploads\/2024\/03\/Karu-01.png\" class=\"attachment-full size-full wp-image-1457\" alt=\"\" srcset=\"https:\/\/bybaleon.com\/wp-content\/uploads\/2024\/03\/Karu-01.png 400w, https:\/\/bybaleon.com\/wp-content\/uploads\/2024\/03\/Karu-01-200x300.png 200w\" sizes=\"(max-width: 400px) 100vw, 400px\" \/>\t\t\t\t\t\t\t\t\t\t\t\t\t\t\t<\/div>\n\t\t\t\t<\/div>\n\t\t\t\t<\/div>\n\t\t<div class=\"elementor-element elementor-element-c0e4277 e-con-full e-flex e-con e-child\" data-id=\"c0e4277\" data-element_type=\"container\" data-e-type=\"container\">\n\t\t\t\t<div class=\"elementor-element elementor-element-da8a0c2 elementor-widget elementor-widget-image\" data-id=\"da8a0c2\" data-element_type=\"widget\" data-e-type=\"widget\" data-widget_type=\"image.default\">\n\t\t\t\t<div class=\"elementor-widget-container\">\n\t\t\t\t\t\t\t\t\t\t\t\t\t\t\t<img loading=\"lazy\" decoding=\"async\" width=\"400\" height=\"600\" src=\"https:\/\/bybaleon.com\/wp-content\/uploads\/2024\/03\/Karu-04.png\" class=\"attachment-full size-full wp-image-1456\" alt=\"\" srcset=\"https:\/\/bybaleon.com\/wp-content\/uploads\/2024\/03\/Karu-04.png 400w, https:\/\/bybaleon.com\/wp-content\/uploads\/2024\/03\/Karu-04-200x300.png 200w\" sizes=\"(max-width: 400px) 100vw, 400px\" \/>\t\t\t\t\t\t\t\t\t\t\t\t\t\t\t<\/div>\n\t\t\t\t<\/div>\n\t\t\t\t<\/div>\n\t\t\t\t\t<\/div>\n\t\t\t\t<\/div>\n\t\t\t\t<\/div>","protected":false},"excerpt":{"rendered":"<p>For Kar\u00fc Chocolates, the process is carried out with attention to detail to ensure a unique presentation and attractive.<\/p>","protected":false},"author":1,"featured_media":1454,"parent":0,"menu_order":0,"comment_status":"closed","ping_status":"closed","template":"","meta":{"inline_featured_image":false,"footnotes":""},"class_list":["post-1487","page","type-page","status-publish","has-post-thumbnail","hentry"],"yoast_head":"<!-- This site is optimized with the Yoast SEO plugin v27.4 - https:\/\/yoast.com\/product\/yoast-seo-wordpress\/ -->\n<title>Kar\u00fc Chocolates - Bale\u00f3n<\/title>\n<meta name=\"description\" content=\"Para Kar\u00fc Chocolates, el proceso se lleva a cabo con meticulosidad para garantizar una presentaci\u00f3n \u00fanica y atractiva.\" \/>\n<meta name=\"robots\" content=\"index, follow, max-snippet:-1, max-image-preview:large, max-video-preview:-1\" \/>\n<link rel=\"canonical\" href=\"https:\/\/bybaleon.com\/en\/karu-chocolates\/\" \/>\n<meta property=\"og:locale\" content=\"en_US\" \/>\n<meta property=\"og:type\" content=\"article\" \/>\n<meta property=\"og:title\" content=\"Kar\u00fc Chocolates - Bale\u00f3n\" \/>\n<meta property=\"og:description\" content=\"Para Kar\u00fc Chocolates, el proceso se lleva a cabo con meticulosidad para garantizar una presentaci\u00f3n \u00fanica y atractiva.\" \/>\n<meta property=\"og:url\" content=\"https:\/\/bybaleon.com\/en\/karu-chocolates\/\" \/>\n<meta property=\"og:site_name\" content=\"Bale\u00f3n\" \/>\n<meta property=\"article:publisher\" content=\"https:\/\/www.facebook.com\/bybaleon\/\" \/>\n<meta property=\"article:modified_time\" content=\"2024-05-15T22:55:26+00:00\" \/>\n<meta property=\"og:image\" content=\"https:\/\/bybaleon.com\/wp-content\/uploads\/2024\/03\/Karu-02.png\" \/>\n\t<meta property=\"og:image:width\" content=\"400\" \/>\n\t<meta property=\"og:image:height\" content=\"600\" \/>\n\t<meta property=\"og:image:type\" content=\"image\/png\" \/>\n<meta name=\"twitter:card\" content=\"summary_large_image\" \/>\n<meta name=\"twitter:label1\" content=\"Est. reading time\" \/>\n\t<meta name=\"twitter:data1\" content=\"2 minutes\" \/>\n<script type=\"application\/ld+json\" class=\"yoast-schema-graph\">{\"@context\":\"https:\\\/\\\/schema.org\",\"@graph\":[{\"@type\":\"WebPage\",\"@id\":\"https:\\\/\\\/bybaleon.com\\\/karu-chocolates\\\/\",\"url\":\"https:\\\/\\\/bybaleon.com\\\/karu-chocolates\\\/\",\"name\":\"Kar\u00fc Chocolates - Bale\u00f3n\",\"isPartOf\":{\"@id\":\"https:\\\/\\\/bybaleon.com\\\/#website\"},\"primaryImageOfPage\":{\"@id\":\"https:\\\/\\\/bybaleon.com\\\/karu-chocolates\\\/#primaryimage\"},\"image\":{\"@id\":\"https:\\\/\\\/bybaleon.com\\\/karu-chocolates\\\/#primaryimage\"},\"thumbnailUrl\":\"https:\\\/\\\/bybaleon.com\\\/wp-content\\\/uploads\\\/2024\\\/03\\\/Karu-02.png\",\"datePublished\":\"2024-03-08T09:04:50+00:00\",\"dateModified\":\"2024-05-15T22:55:26+00:00\",\"description\":\"Para Kar\u00fc Chocolates, el proceso se lleva a cabo con meticulosidad para garantizar una presentaci\u00f3n \u00fanica y atractiva.\",\"breadcrumb\":{\"@id\":\"https:\\\/\\\/bybaleon.com\\\/karu-chocolates\\\/#breadcrumb\"},\"inLanguage\":\"en-US\",\"potentialAction\":[{\"@type\":\"ReadAction\",\"target\":[\"https:\\\/\\\/bybaleon.com\\\/karu-chocolates\\\/\"]}]},{\"@type\":\"ImageObject\",\"inLanguage\":\"en-US\",\"@id\":\"https:\\\/\\\/bybaleon.com\\\/karu-chocolates\\\/#primaryimage\",\"url\":\"https:\\\/\\\/bybaleon.com\\\/wp-content\\\/uploads\\\/2024\\\/03\\\/Karu-02.png\",\"contentUrl\":\"https:\\\/\\\/bybaleon.com\\\/wp-content\\\/uploads\\\/2024\\\/03\\\/Karu-02.png\",\"width\":400,\"height\":600},{\"@type\":\"BreadcrumbList\",\"@id\":\"https:\\\/\\\/bybaleon.com\\\/karu-chocolates\\\/#breadcrumb\",\"itemListElement\":[{\"@type\":\"ListItem\",\"position\":1,\"name\":\"Inicio\",\"item\":\"https:\\\/\\\/bybaleon.com\\\/\"},{\"@type\":\"ListItem\",\"position\":2,\"name\":\"Kar\u00fc Chocolates\"}]},{\"@type\":\"WebSite\",\"@id\":\"https:\\\/\\\/bybaleon.com\\\/#website\",\"url\":\"https:\\\/\\\/bybaleon.com\\\/\",\"name\":\"Bale\u00f3n\",\"description\":\"Tu Aliado Camale\u00f3nico\",\"publisher\":{\"@id\":\"https:\\\/\\\/bybaleon.com\\\/#organization\"},\"potentialAction\":[{\"@type\":\"SearchAction\",\"target\":{\"@type\":\"EntryPoint\",\"urlTemplate\":\"https:\\\/\\\/bybaleon.com\\\/?s={search_term_string}\"},\"query-input\":{\"@type\":\"PropertyValueSpecification\",\"valueRequired\":true,\"valueName\":\"search_term_string\"}}],\"inLanguage\":\"en-US\"},{\"@type\":\"Organization\",\"@id\":\"https:\\\/\\\/bybaleon.com\\\/#organization\",\"name\":\"Bale\u00f3n\",\"url\":\"https:\\\/\\\/bybaleon.com\\\/\",\"logo\":{\"@type\":\"ImageObject\",\"inLanguage\":\"en-US\",\"@id\":\"https:\\\/\\\/bybaleon.com\\\/#\\\/schema\\\/logo\\\/image\\\/\",\"url\":\"https:\\\/\\\/bybaleon.com\\\/wp-content\\\/uploads\\\/2023\\\/11\\\/logo-baleon-01.svg\",\"contentUrl\":\"https:\\\/\\\/bybaleon.com\\\/wp-content\\\/uploads\\\/2023\\\/11\\\/logo-baleon-01.svg\",\"width\":1280,\"height\":384,\"caption\":\"Bale\u00f3n\"},\"image\":{\"@id\":\"https:\\\/\\\/bybaleon.com\\\/#\\\/schema\\\/logo\\\/image\\\/\"},\"sameAs\":[\"https:\\\/\\\/www.facebook.com\\\/bybaleon\\\/\",\"https:\\\/\\\/www.instagram.com\\\/bybaleon\\\/\",\"https:\\\/\\\/www.tiktok.com\\\/@bybaleon\",\"https:\\\/\\\/www.linkedin.com\\\/company\\\/baleon-digital-creative-studio\\\/\"]}]}<\/script>\n<!-- \/ Yoast SEO plugin. -->","yoast_head_json":{"title":"Kar\u00fc Chocolates - Bale\u00f3n","description":"For Kar\u00fc Chocolates, the process is carried out with attention to detail to ensure a unique presentation and attractive.","robots":{"index":"index","follow":"follow","max-snippet":"max-snippet:-1","max-image-preview":"max-image-preview:large","max-video-preview":"max-video-preview:-1"},"canonical":"https:\/\/bybaleon.com\/en\/karu-chocolates\/","og_locale":"en_US","og_type":"article","og_title":"Kar\u00fc Chocolates - Bale\u00f3n","og_description":"Para Kar\u00fc Chocolates, el proceso se lleva a cabo con meticulosidad para garantizar una presentaci\u00f3n \u00fanica y atractiva.","og_url":"https:\/\/bybaleon.com\/en\/karu-chocolates\/","og_site_name":"Bale\u00f3n","article_publisher":"https:\/\/www.facebook.com\/bybaleon\/","article_modified_time":"2024-05-15T22:55:26+00:00","og_image":[{"width":400,"height":600,"url":"https:\/\/bybaleon.com\/wp-content\/uploads\/2024\/03\/Karu-02.png","type":"image\/png"}],"twitter_card":"summary_large_image","twitter_misc":{"Est. reading time":"2 minutes"},"schema":{"@context":"https:\/\/schema.org","@graph":[{"@type":"WebPage","@id":"https:\/\/bybaleon.com\/karu-chocolates\/","url":"https:\/\/bybaleon.com\/karu-chocolates\/","name":"Kar\u00fc Chocolates - Bale\u00f3n","isPartOf":{"@id":"https:\/\/bybaleon.com\/#website"},"primaryImageOfPage":{"@id":"https:\/\/bybaleon.com\/karu-chocolates\/#primaryimage"},"image":{"@id":"https:\/\/bybaleon.com\/karu-chocolates\/#primaryimage"},"thumbnailUrl":"https:\/\/bybaleon.com\/wp-content\/uploads\/2024\/03\/Karu-02.png","datePublished":"2024-03-08T09:04:50+00:00","dateModified":"2024-05-15T22:55:26+00:00","description":"For Kar\u00fc Chocolates, the process is carried out with attention to detail to ensure a unique presentation and attractive.","breadcrumb":{"@id":"https:\/\/bybaleon.com\/karu-chocolates\/#breadcrumb"},"inLanguage":"en-US","potentialAction":[{"@type":"ReadAction","target":["https:\/\/bybaleon.com\/karu-chocolates\/"]}]},{"@type":"ImageObject","inLanguage":"en-US","@id":"https:\/\/bybaleon.com\/karu-chocolates\/#primaryimage","url":"https:\/\/bybaleon.com\/wp-content\/uploads\/2024\/03\/Karu-02.png","contentUrl":"https:\/\/bybaleon.com\/wp-content\/uploads\/2024\/03\/Karu-02.png","width":400,"height":600},{"@type":"BreadcrumbList","@id":"https:\/\/bybaleon.com\/karu-chocolates\/#breadcrumb","itemListElement":[{"@type":"ListItem","position":1,"name":"Inicio","item":"https:\/\/bybaleon.com\/"},{"@type":"ListItem","position":2,"name":"Kar\u00fc Chocolates"}]},{"@type":"WebSite","@id":"https:\/\/bybaleon.com\/#website","url":"https:\/\/bybaleon.com\/","name":"Bale\u00f3n","description":"Your Ally Chameleon","publisher":{"@id":"https:\/\/bybaleon.com\/#organization"},"potentialAction":[{"@type":"SearchAction","target":{"@type":"EntryPoint","urlTemplate":"https:\/\/bybaleon.com\/?s={search_term_string}"},"query-input":{"@type":"PropertyValueSpecification","valueRequired":true,"valueName":"search_term_string"}}],"inLanguage":"en-US"},{"@type":"Organization","@id":"https:\/\/bybaleon.com\/#organization","name":"Bale\u00f3n","url":"https:\/\/bybaleon.com\/","logo":{"@type":"ImageObject","inLanguage":"en-US","@id":"https:\/\/bybaleon.com\/#\/schema\/logo\/image\/","url":"https:\/\/bybaleon.com\/wp-content\/uploads\/2023\/11\/logo-baleon-01.svg","contentUrl":"https:\/\/bybaleon.com\/wp-content\/uploads\/2023\/11\/logo-baleon-01.svg","width":1280,"height":384,"caption":"Bale\u00f3n"},"image":{"@id":"https:\/\/bybaleon.com\/#\/schema\/logo\/image\/"},"sameAs":["https:\/\/www.facebook.com\/bybaleon\/","https:\/\/www.instagram.com\/bybaleon\/","https:\/\/www.tiktok.com\/@bybaleon","https:\/\/www.linkedin.com\/company\/baleon-digital-creative-studio\/"]}]}},"_links":{"self":[{"href":"https:\/\/bybaleon.com\/en\/wp-json\/wp\/v2\/pages\/1487","targetHints":{"allow":["GET"]}}],"collection":[{"href":"https:\/\/bybaleon.com\/en\/wp-json\/wp\/v2\/pages"}],"about":[{"href":"https:\/\/bybaleon.com\/en\/wp-json\/wp\/v2\/types\/page"}],"author":[{"embeddable":true,"href":"https:\/\/bybaleon.com\/en\/wp-json\/wp\/v2\/users\/1"}],"replies":[{"embeddable":true,"href":"https:\/\/bybaleon.com\/en\/wp-json\/wp\/v2\/comments?post=1487"}],"version-history":[{"count":51,"href":"https:\/\/bybaleon.com\/en\/wp-json\/wp\/v2\/pages\/1487\/revisions"}],"predecessor-version":[{"id":2313,"href":"https:\/\/bybaleon.com\/en\/wp-json\/wp\/v2\/pages\/1487\/revisions\/2313"}],"wp:featuredmedia":[{"embeddable":true,"href":"https:\/\/bybaleon.com\/en\/wp-json\/wp\/v2\/media\/1454"}],"wp:attachment":[{"href":"https:\/\/bybaleon.com\/en\/wp-json\/wp\/v2\/media?parent=1487"}],"curies":[{"name":"wp","href":"https:\/\/api.w.org\/{rel}","templated":true}]}}