{"id":1526,"date":"2024-03-08T04:23:15","date_gmt":"2024-03-08T09:23:15","guid":{"rendered":"https:\/\/bybaleon.com\/?page_id=1526"},"modified":"2024-05-15T18:00:51","modified_gmt":"2024-05-15T23:00:51","slug":"evolucion-apps","status":"publish","type":"page","link":"https:\/\/bybaleon.com\/en\/evolucion-apps\/","title":{"rendered":"Evolution Apps"},"content":{"rendered":"<div data-elementor-type=\"wp-page\" data-elementor-id=\"1526\" class=\"elementor elementor-1526\" data-elementor-post-type=\"page\">\n\t\t\t\t<div class=\"elementor-element elementor-element-5d9200f e-flex e-con-boxed e-con e-parent\" data-id=\"5d9200f\" data-element_type=\"container\" data-e-type=\"container\">\n\t\t\t\t\t<div class=\"e-con-inner\">\n\t\t<div class=\"elementor-element elementor-element-828bce4 e-con-full e-flex e-con e-child\" data-id=\"828bce4\" data-element_type=\"container\" data-e-type=\"container\">\n\t\t\t\t<div class=\"elementor-element elementor-element-f1fe28b elementor-hidden-tablet elementor-hidden-mobile elementor-widget elementor-widget-heading\" data-id=\"f1fe28b\" data-element_type=\"widget\" data-e-type=\"widget\" data-widget_type=\"heading.default\">\n\t\t\t\t<div class=\"elementor-widget-container\">\n\t\t\t\t\t<p class=\"elementor-heading-title elementor-size-default\"><a href=\"https:\/\/bybaleon.com\/en\/#portafolio\">\u2190 Our Portfolio<\/a><\/p>\t\t\t\t<\/div>\n\t\t\t\t<\/div>\n\t\t\t\t<div class=\"elementor-element elementor-element-c1fb36f elementor-hidden-desktop elementor-widget elementor-widget-heading\" data-id=\"c1fb36f\" data-element_type=\"widget\" data-e-type=\"widget\" data-widget_type=\"heading.default\">\n\t\t\t\t<div class=\"elementor-widget-container\">\n\t\t\t\t\t<p class=\"elementor-heading-title elementor-size-default\"><a href=\"https:\/\/bybaleon.com\/en\/#portafoliomovil\">Our Portfolio<\/a><\/p>\t\t\t\t<\/div>\n\t\t\t\t<\/div>\n\t\t\t\t<\/div>\n\t\t<div class=\"elementor-element elementor-element-644dc17 e-con-full e-flex e-con e-child\" data-id=\"644dc17\" data-element_type=\"container\" data-e-type=\"container\">\n\t\t\t\t<\/div>\n\t\t<div class=\"elementor-element elementor-element-97b09ce e-con-full e-flex e-con e-child\" data-id=\"97b09ce\" data-element_type=\"container\" data-e-type=\"container\">\n\t\t\t\t<div class=\"elementor-element elementor-element-6673e82 elementor-widget elementor-widget-spacer\" data-id=\"6673e82\" data-element_type=\"widget\" data-e-type=\"widget\" data-widget_type=\"spacer.default\">\n\t\t\t\t<div class=\"elementor-widget-container\">\n\t\t\t\t\t\t\t<div class=\"elementor-spacer\">\n\t\t\t<div class=\"elementor-spacer-inner\"><\/div>\n\t\t<\/div>\n\t\t\t\t\t\t<\/div>\n\t\t\t\t<\/div>\n\t\t\t\t<\/div>\n\t\t\t\t\t<\/div>\n\t\t\t\t<\/div>\n\t\t<div class=\"elementor-element elementor-element-cf907b6 e-flex e-con-boxed e-con e-parent\" data-id=\"cf907b6\" data-element_type=\"container\" data-e-type=\"container\">\n\t\t\t\t\t<div class=\"e-con-inner\">\n\t\t\t\t<div class=\"elementor-element elementor-element-cf46b39 elementor-widget-divider--view-line elementor-widget elementor-widget-divider\" data-id=\"cf46b39\" data-element_type=\"widget\" data-e-type=\"widget\" data-widget_type=\"divider.default\">\n\t\t\t\t<div class=\"elementor-widget-container\">\n\t\t\t\t\t\t\t<div class=\"elementor-divider\">\n\t\t\t<span class=\"elementor-divider-separator\">\n\t\t\t\t\t\t<\/span>\n\t\t<\/div>\n\t\t\t\t\t\t<\/div>\n\t\t\t\t<\/div>\n\t\t\t\t\t<\/div>\n\t\t\t\t<\/div>\n\t\t<div class=\"elementor-element elementor-element-7b0f526 e-flex e-con-boxed e-con e-parent\" data-id=\"7b0f526\" data-element_type=\"container\" data-e-type=\"container\">\n\t\t\t\t\t<div class=\"e-con-inner\">\n\t\t<div class=\"elementor-element elementor-element-769c0e6 e-con-full e-flex e-con e-child\" data-id=\"769c0e6\" data-element_type=\"container\" data-e-type=\"container\">\n\t\t\t\t<div class=\"elementor-element elementor-element-074fc55 elementor-widget elementor-widget-text-editor\" data-id=\"074fc55\" data-element_type=\"widget\" data-e-type=\"widget\" data-widget_type=\"text-editor.default\">\n\t\t\t\t<div class=\"elementor-widget-container\">\n\t\t\t\t\t\t\t\t\t<p><strong>Brief_<\/strong><\/p><p><span style=\"font-weight: 400;\">We implemented a web design intuitive and attractive, adapted to a variety of platforms and devices. The interface reflects the modernity of EVA and provides a smooth user experience. We use cutting-edge technologies, integrating elements, powerful visual and optimizing for SEO.<\/span><\/p>\t\t\t\t\t\t\t\t<\/div>\n\t\t\t\t<\/div>\n\t\t\t\t<\/div>\n\t\t<div class=\"elementor-element elementor-element-0a6f560 e-con-full e-flex e-con e-child\" data-id=\"0a6f560\" data-element_type=\"container\" data-e-type=\"container\">\n\t\t\t\t<div class=\"elementor-element elementor-element-209b8b2 elementor-widget elementor-widget-text-editor\" data-id=\"209b8b2\" data-element_type=\"widget\" data-e-type=\"widget\" data-widget_type=\"text-editor.default\">\n\t\t\t\t<div class=\"elementor-widget-container\">\n\t\t\t\t\t\t\t\t\t<p><strong>Client_<\/strong><\/p><p><span style=\"font-weight: 400;\">EVA<br \/><\/span><span style=\"font-weight: 400;\">@evolucionapps<\/span><\/p>\t\t\t\t\t\t\t\t<\/div>\n\t\t\t\t<\/div>\n\t\t\t\t<\/div>\n\t\t<div class=\"elementor-element elementor-element-a6cac7b e-con-full e-flex e-con e-child\" data-id=\"a6cac7b\" data-element_type=\"container\" data-e-type=\"container\">\n\t\t\t\t<div class=\"elementor-element elementor-element-eb7447d elementor-widget elementor-widget-text-editor\" data-id=\"eb7447d\" data-element_type=\"widget\" data-e-type=\"widget\" data-widget_type=\"text-editor.default\">\n\t\t\t\t<div class=\"elementor-widget-container\">\n\t\t\t\t\t\t\t\t\t<p><strong>Service_<\/strong><\/p><p><span style=\"font-weight: 400;\">Web page<\/span><\/p>\t\t\t\t\t\t\t\t<\/div>\n\t\t\t\t<\/div>\n\t\t\t\t<\/div>\n\t\t<div class=\"elementor-element elementor-element-9219827 e-con-full e-flex e-con e-child\" data-id=\"9219827\" data-element_type=\"container\" data-e-type=\"container\">\n\t\t\t\t<div class=\"elementor-element elementor-element-88398cc elementor-widget elementor-widget-text-editor\" data-id=\"88398cc\" data-element_type=\"widget\" data-e-type=\"widget\" data-widget_type=\"text-editor.default\">\n\t\t\t\t<div class=\"elementor-widget-container\">\n\t\t\t\t\t\t\t\t\t<p><strong>Team_<\/strong><\/p><p><span style=\"font-weight: 400;\">Juan Seb\u00e1stian Garcia <\/span><\/p>\t\t\t\t\t\t\t\t<\/div>\n\t\t\t\t<\/div>\n\t\t\t\t<\/div>\n\t\t\t\t\t<\/div>\n\t\t\t\t<\/div>\n\t\t<div class=\"elementor-element elementor-element-a673d4b e-flex e-con-boxed e-con e-parent\" data-id=\"a673d4b\" data-element_type=\"container\" data-e-type=\"container\">\n\t\t\t\t\t<div class=\"e-con-inner\">\n\t\t<div class=\"elementor-element elementor-element-f9a42bb e-con-full e-flex e-con e-child\" data-id=\"f9a42bb\" data-element_type=\"container\" data-e-type=\"container\">\n\t\t\t\t<div class=\"elementor-element elementor-element-2415873 elementor-widget elementor-widget-image\" data-id=\"2415873\" data-element_type=\"widget\" data-e-type=\"widget\" data-widget_type=\"image.default\">\n\t\t\t\t<div class=\"elementor-widget-container\">\n\t\t\t\t\t\t\t\t\t\t\t\t\t\t\t<img fetchpriority=\"high\" decoding=\"async\" width=\"2872\" height=\"1542\" src=\"https:\/\/bybaleon.com\/wp-content\/uploads\/2024\/03\/Evolucion-Apps-01.png\" class=\"attachment-full size-full wp-image-1527\" alt=\"\" srcset=\"https:\/\/bybaleon.com\/wp-content\/uploads\/2024\/03\/Evolucion-Apps-01.png 2872w, https:\/\/bybaleon.com\/wp-content\/uploads\/2024\/03\/Evolucion-Apps-01-300x161.png 300w, https:\/\/bybaleon.com\/wp-content\/uploads\/2024\/03\/Evolucion-Apps-01-1024x550.png 1024w, https:\/\/bybaleon.com\/wp-content\/uploads\/2024\/03\/Evolucion-Apps-01-768x412.png 768w, https:\/\/bybaleon.com\/wp-content\/uploads\/2024\/03\/Evolucion-Apps-01-1536x825.png 1536w, https:\/\/bybaleon.com\/wp-content\/uploads\/2024\/03\/Evolucion-Apps-01-2048x1100.png 2048w\" sizes=\"(max-width: 2872px) 100vw, 2872px\" \/>\t\t\t\t\t\t\t\t\t\t\t\t\t\t\t<\/div>\n\t\t\t\t<\/div>\n\t\t\t\t<\/div>\n\t\t<div class=\"elementor-element elementor-element-4b714e2 e-con-full e-flex e-con e-child\" data-id=\"4b714e2\" data-element_type=\"container\" data-e-type=\"container\">\n\t\t\t\t<div class=\"elementor-element elementor-element-a4a8f21 elementor-widget elementor-widget-image\" data-id=\"a4a8f21\" data-element_type=\"widget\" data-e-type=\"widget\" data-widget_type=\"image.default\">\n\t\t\t\t<div class=\"elementor-widget-container\">\n\t\t\t\t\t\t\t\t\t\t\t\t\t\t\t<img decoding=\"async\" width=\"2022\" height=\"1420\" src=\"https:\/\/bybaleon.com\/wp-content\/uploads\/2024\/03\/Evolucion-Apps-03.png\" class=\"attachment-full size-full wp-image-1529\" alt=\"\" srcset=\"https:\/\/bybaleon.com\/wp-content\/uploads\/2024\/03\/Evolucion-Apps-03.png 2022w, https:\/\/bybaleon.com\/wp-content\/uploads\/2024\/03\/Evolucion-Apps-03-300x211.png 300w, https:\/\/bybaleon.com\/wp-content\/uploads\/2024\/03\/Evolucion-Apps-03-1024x719.png 1024w, https:\/\/bybaleon.com\/wp-content\/uploads\/2024\/03\/Evolucion-Apps-03-768x539.png 768w, https:\/\/bybaleon.com\/wp-content\/uploads\/2024\/03\/Evolucion-Apps-03-1536x1079.png 1536w\" sizes=\"(max-width: 2022px) 100vw, 2022px\" \/>\t\t\t\t\t\t\t\t\t\t\t\t\t\t\t<\/div>\n\t\t\t\t<\/div>\n\t\t\t\t<\/div>\n\t\t<div class=\"elementor-element elementor-element-1b4df55 e-con-full e-flex e-con e-child\" data-id=\"1b4df55\" data-element_type=\"container\" data-e-type=\"container\">\n\t\t\t\t<div class=\"elementor-element elementor-element-be7e0ee elementor-widget elementor-widget-image\" data-id=\"be7e0ee\" data-element_type=\"widget\" data-e-type=\"widget\" data-widget_type=\"image.default\">\n\t\t\t\t<div class=\"elementor-widget-container\">\n\t\t\t\t\t\t\t\t\t\t\t\t\t\t\t<img decoding=\"async\" width=\"1786\" height=\"1348\" src=\"https:\/\/bybaleon.com\/wp-content\/uploads\/2024\/03\/Evolucion-Apps-04.png\" class=\"attachment-full size-full wp-image-1530\" alt=\"\" srcset=\"https:\/\/bybaleon.com\/wp-content\/uploads\/2024\/03\/Evolucion-Apps-04.png 1786w, https:\/\/bybaleon.com\/wp-content\/uploads\/2024\/03\/Evolucion-Apps-04-300x226.png 300w, https:\/\/bybaleon.com\/wp-content\/uploads\/2024\/03\/Evolucion-Apps-04-1024x773.png 1024w, https:\/\/bybaleon.com\/wp-content\/uploads\/2024\/03\/Evolucion-Apps-04-768x580.png 768w, https:\/\/bybaleon.com\/wp-content\/uploads\/2024\/03\/Evolucion-Apps-04-1536x1159.png 1536w\" sizes=\"(max-width: 1786px) 100vw, 1786px\" \/>\t\t\t\t\t\t\t\t\t\t\t\t\t\t\t<\/div>\n\t\t\t\t<\/div>\n\t\t\t\t<\/div>\n\t\t<div class=\"elementor-element elementor-element-4ab0860 e-con-full e-flex e-con e-child\" data-id=\"4ab0860\" data-element_type=\"container\" data-e-type=\"container\">\n\t\t\t\t<div class=\"elementor-element elementor-element-77f8c80 elementor-widget elementor-widget-image\" data-id=\"77f8c80\" data-element_type=\"widget\" data-e-type=\"widget\" data-widget_type=\"image.default\">\n\t\t\t\t<div class=\"elementor-widget-container\">\n\t\t\t\t\t\t\t\t\t\t\t\t\t\t\t<img loading=\"lazy\" decoding=\"async\" width=\"2022\" height=\"1408\" src=\"https:\/\/bybaleon.com\/wp-content\/uploads\/2024\/03\/Evolucion-Apps-02.png\" class=\"attachment-full size-full wp-image-1528\" alt=\"\" srcset=\"https:\/\/bybaleon.com\/wp-content\/uploads\/2024\/03\/Evolucion-Apps-02.png 2022w, https:\/\/bybaleon.com\/wp-content\/uploads\/2024\/03\/Evolucion-Apps-02-300x209.png 300w, https:\/\/bybaleon.com\/wp-content\/uploads\/2024\/03\/Evolucion-Apps-02-1024x713.png 1024w, https:\/\/bybaleon.com\/wp-content\/uploads\/2024\/03\/Evolucion-Apps-02-768x535.png 768w, https:\/\/bybaleon.com\/wp-content\/uploads\/2024\/03\/Evolucion-Apps-02-1536x1070.png 1536w\" sizes=\"(max-width: 2022px) 100vw, 2022px\" \/>\t\t\t\t\t\t\t\t\t\t\t\t\t\t\t<\/div>\n\t\t\t\t<\/div>\n\t\t\t\t<\/div>\n\t\t\t\t\t<\/div>\n\t\t\t\t<\/div>\n\t\t\t\t<\/div>","protected":false},"excerpt":{"rendered":"<p>For Evolution Apps, we have implemented a web design intuitive and attractive, adapted to a variety of platforms and devices.<\/p>","protected":false},"author":1,"featured_media":1527,"parent":0,"menu_order":0,"comment_status":"closed","ping_status":"closed","template":"","meta":{"inline_featured_image":false,"footnotes":""},"class_list":["post-1526","page","type-page","status-publish","has-post-thumbnail","hentry"],"yoast_head":"<!-- This site is optimized with the Yoast SEO plugin v27.4 - https:\/\/yoast.com\/product\/yoast-seo-wordpress\/ -->\n<title>Evoluci\u00f3n Apps - Bale\u00f3n<\/title>\n<meta name=\"description\" content=\"Para Evoluci\u00f3n Apps implementamos un dise\u00f1o web intuitivo y atractivo, adaptado a diversas plataformas y dispositivos.\" \/>\n<meta name=\"robots\" content=\"index, follow, max-snippet:-1, max-image-preview:large, max-video-preview:-1\" \/>\n<link rel=\"canonical\" href=\"https:\/\/bybaleon.com\/en\/evolucion-apps\/\" \/>\n<meta property=\"og:locale\" content=\"en_US\" \/>\n<meta property=\"og:type\" content=\"article\" \/>\n<meta property=\"og:title\" content=\"Evoluci\u00f3n Apps - Bale\u00f3n\" \/>\n<meta property=\"og:description\" content=\"Para Evoluci\u00f3n Apps implementamos un dise\u00f1o web intuitivo y atractivo, adaptado a diversas plataformas y dispositivos.\" \/>\n<meta property=\"og:url\" content=\"https:\/\/bybaleon.com\/en\/evolucion-apps\/\" \/>\n<meta property=\"og:site_name\" content=\"Bale\u00f3n\" \/>\n<meta property=\"article:publisher\" content=\"https:\/\/www.facebook.com\/bybaleon\/\" \/>\n<meta property=\"article:modified_time\" content=\"2024-05-15T23:00:51+00:00\" \/>\n<meta property=\"og:image\" content=\"https:\/\/bybaleon.com\/wp-content\/uploads\/2024\/03\/Evolucion-Apps-01.png\" \/>\n\t<meta property=\"og:image:width\" content=\"2872\" \/>\n\t<meta property=\"og:image:height\" content=\"1542\" \/>\n\t<meta property=\"og:image:type\" content=\"image\/png\" \/>\n<meta name=\"twitter:card\" content=\"summary_large_image\" \/>\n<meta name=\"twitter:label1\" content=\"Est. reading time\" \/>\n\t<meta name=\"twitter:data1\" content=\"2 minutes\" \/>\n<script type=\"application\/ld+json\" class=\"yoast-schema-graph\">{\"@context\":\"https:\\\/\\\/schema.org\",\"@graph\":[{\"@type\":\"WebPage\",\"@id\":\"https:\\\/\\\/bybaleon.com\\\/evolucion-apps\\\/\",\"url\":\"https:\\\/\\\/bybaleon.com\\\/evolucion-apps\\\/\",\"name\":\"Evoluci\u00f3n Apps - Bale\u00f3n\",\"isPartOf\":{\"@id\":\"https:\\\/\\\/bybaleon.com\\\/#website\"},\"primaryImageOfPage\":{\"@id\":\"https:\\\/\\\/bybaleon.com\\\/evolucion-apps\\\/#primaryimage\"},\"image\":{\"@id\":\"https:\\\/\\\/bybaleon.com\\\/evolucion-apps\\\/#primaryimage\"},\"thumbnailUrl\":\"https:\\\/\\\/bybaleon.com\\\/wp-content\\\/uploads\\\/2024\\\/03\\\/Evolucion-Apps-01.png\",\"datePublished\":\"2024-03-08T09:23:15+00:00\",\"dateModified\":\"2024-05-15T23:00:51+00:00\",\"description\":\"Para Evoluci\u00f3n Apps implementamos un dise\u00f1o web intuitivo y atractivo, adaptado a diversas plataformas y dispositivos.\",\"breadcrumb\":{\"@id\":\"https:\\\/\\\/bybaleon.com\\\/evolucion-apps\\\/#breadcrumb\"},\"inLanguage\":\"en-US\",\"potentialAction\":[{\"@type\":\"ReadAction\",\"target\":[\"https:\\\/\\\/bybaleon.com\\\/evolucion-apps\\\/\"]}]},{\"@type\":\"ImageObject\",\"inLanguage\":\"en-US\",\"@id\":\"https:\\\/\\\/bybaleon.com\\\/evolucion-apps\\\/#primaryimage\",\"url\":\"https:\\\/\\\/bybaleon.com\\\/wp-content\\\/uploads\\\/2024\\\/03\\\/Evolucion-Apps-01.png\",\"contentUrl\":\"https:\\\/\\\/bybaleon.com\\\/wp-content\\\/uploads\\\/2024\\\/03\\\/Evolucion-Apps-01.png\",\"width\":2872,\"height\":1542},{\"@type\":\"BreadcrumbList\",\"@id\":\"https:\\\/\\\/bybaleon.com\\\/evolucion-apps\\\/#breadcrumb\",\"itemListElement\":[{\"@type\":\"ListItem\",\"position\":1,\"name\":\"Inicio\",\"item\":\"https:\\\/\\\/bybaleon.com\\\/\"},{\"@type\":\"ListItem\",\"position\":2,\"name\":\"Evoluci\u00f3n Apps\"}]},{\"@type\":\"WebSite\",\"@id\":\"https:\\\/\\\/bybaleon.com\\\/#website\",\"url\":\"https:\\\/\\\/bybaleon.com\\\/\",\"name\":\"Bale\u00f3n\",\"description\":\"Tu Aliado Camale\u00f3nico\",\"publisher\":{\"@id\":\"https:\\\/\\\/bybaleon.com\\\/#organization\"},\"potentialAction\":[{\"@type\":\"SearchAction\",\"target\":{\"@type\":\"EntryPoint\",\"urlTemplate\":\"https:\\\/\\\/bybaleon.com\\\/?s={search_term_string}\"},\"query-input\":{\"@type\":\"PropertyValueSpecification\",\"valueRequired\":true,\"valueName\":\"search_term_string\"}}],\"inLanguage\":\"en-US\"},{\"@type\":\"Organization\",\"@id\":\"https:\\\/\\\/bybaleon.com\\\/#organization\",\"name\":\"Bale\u00f3n\",\"url\":\"https:\\\/\\\/bybaleon.com\\\/\",\"logo\":{\"@type\":\"ImageObject\",\"inLanguage\":\"en-US\",\"@id\":\"https:\\\/\\\/bybaleon.com\\\/#\\\/schema\\\/logo\\\/image\\\/\",\"url\":\"https:\\\/\\\/bybaleon.com\\\/wp-content\\\/uploads\\\/2023\\\/11\\\/logo-baleon-01.svg\",\"contentUrl\":\"https:\\\/\\\/bybaleon.com\\\/wp-content\\\/uploads\\\/2023\\\/11\\\/logo-baleon-01.svg\",\"width\":1280,\"height\":384,\"caption\":\"Bale\u00f3n\"},\"image\":{\"@id\":\"https:\\\/\\\/bybaleon.com\\\/#\\\/schema\\\/logo\\\/image\\\/\"},\"sameAs\":[\"https:\\\/\\\/www.facebook.com\\\/bybaleon\\\/\",\"https:\\\/\\\/www.instagram.com\\\/bybaleon\\\/\",\"https:\\\/\\\/www.tiktok.com\\\/@bybaleon\",\"https:\\\/\\\/www.linkedin.com\\\/company\\\/baleon-digital-creative-studio\\\/\"]}]}<\/script>\n<!-- \/ Yoast SEO plugin. -->","yoast_head_json":{"title":"Evolution - Apps Bale\u00f3n","description":"For Evolution Apps, we have implemented a web design intuitive and attractive, adapted to a variety of platforms and devices.","robots":{"index":"index","follow":"follow","max-snippet":"max-snippet:-1","max-image-preview":"max-image-preview:large","max-video-preview":"max-video-preview:-1"},"canonical":"https:\/\/bybaleon.com\/en\/evolucion-apps\/","og_locale":"en_US","og_type":"article","og_title":"Evoluci\u00f3n Apps - Bale\u00f3n","og_description":"Para Evoluci\u00f3n Apps implementamos un dise\u00f1o web intuitivo y atractivo, adaptado a diversas plataformas y dispositivos.","og_url":"https:\/\/bybaleon.com\/en\/evolucion-apps\/","og_site_name":"Bale\u00f3n","article_publisher":"https:\/\/www.facebook.com\/bybaleon\/","article_modified_time":"2024-05-15T23:00:51+00:00","og_image":[{"width":2872,"height":1542,"url":"https:\/\/bybaleon.com\/wp-content\/uploads\/2024\/03\/Evolucion-Apps-01.png","type":"image\/png"}],"twitter_card":"summary_large_image","twitter_misc":{"Est. reading time":"2 minutes"},"schema":{"@context":"https:\/\/schema.org","@graph":[{"@type":"WebPage","@id":"https:\/\/bybaleon.com\/evolucion-apps\/","url":"https:\/\/bybaleon.com\/evolucion-apps\/","name":"Evolution - Apps Bale\u00f3n","isPartOf":{"@id":"https:\/\/bybaleon.com\/#website"},"primaryImageOfPage":{"@id":"https:\/\/bybaleon.com\/evolucion-apps\/#primaryimage"},"image":{"@id":"https:\/\/bybaleon.com\/evolucion-apps\/#primaryimage"},"thumbnailUrl":"https:\/\/bybaleon.com\/wp-content\/uploads\/2024\/03\/Evolucion-Apps-01.png","datePublished":"2024-03-08T09:23:15+00:00","dateModified":"2024-05-15T23:00:51+00:00","description":"For Evolution Apps, we have implemented a web design intuitive and attractive, adapted to a variety of platforms and devices.","breadcrumb":{"@id":"https:\/\/bybaleon.com\/evolucion-apps\/#breadcrumb"},"inLanguage":"en-US","potentialAction":[{"@type":"ReadAction","target":["https:\/\/bybaleon.com\/evolucion-apps\/"]}]},{"@type":"ImageObject","inLanguage":"en-US","@id":"https:\/\/bybaleon.com\/evolucion-apps\/#primaryimage","url":"https:\/\/bybaleon.com\/wp-content\/uploads\/2024\/03\/Evolucion-Apps-01.png","contentUrl":"https:\/\/bybaleon.com\/wp-content\/uploads\/2024\/03\/Evolucion-Apps-01.png","width":2872,"height":1542},{"@type":"BreadcrumbList","@id":"https:\/\/bybaleon.com\/evolucion-apps\/#breadcrumb","itemListElement":[{"@type":"ListItem","position":1,"name":"Inicio","item":"https:\/\/bybaleon.com\/"},{"@type":"ListItem","position":2,"name":"Evoluci\u00f3n Apps"}]},{"@type":"WebSite","@id":"https:\/\/bybaleon.com\/#website","url":"https:\/\/bybaleon.com\/","name":"Bale\u00f3n","description":"Your Ally Chameleon","publisher":{"@id":"https:\/\/bybaleon.com\/#organization"},"potentialAction":[{"@type":"SearchAction","target":{"@type":"EntryPoint","urlTemplate":"https:\/\/bybaleon.com\/?s={search_term_string}"},"query-input":{"@type":"PropertyValueSpecification","valueRequired":true,"valueName":"search_term_string"}}],"inLanguage":"en-US"},{"@type":"Organization","@id":"https:\/\/bybaleon.com\/#organization","name":"Bale\u00f3n","url":"https:\/\/bybaleon.com\/","logo":{"@type":"ImageObject","inLanguage":"en-US","@id":"https:\/\/bybaleon.com\/#\/schema\/logo\/image\/","url":"https:\/\/bybaleon.com\/wp-content\/uploads\/2023\/11\/logo-baleon-01.svg","contentUrl":"https:\/\/bybaleon.com\/wp-content\/uploads\/2023\/11\/logo-baleon-01.svg","width":1280,"height":384,"caption":"Bale\u00f3n"},"image":{"@id":"https:\/\/bybaleon.com\/#\/schema\/logo\/image\/"},"sameAs":["https:\/\/www.facebook.com\/bybaleon\/","https:\/\/www.instagram.com\/bybaleon\/","https:\/\/www.tiktok.com\/@bybaleon","https:\/\/www.linkedin.com\/company\/baleon-digital-creative-studio\/"]}]}},"_links":{"self":[{"href":"https:\/\/bybaleon.com\/en\/wp-json\/wp\/v2\/pages\/1526","targetHints":{"allow":["GET"]}}],"collection":[{"href":"https:\/\/bybaleon.com\/en\/wp-json\/wp\/v2\/pages"}],"about":[{"href":"https:\/\/bybaleon.com\/en\/wp-json\/wp\/v2\/types\/page"}],"author":[{"embeddable":true,"href":"https:\/\/bybaleon.com\/en\/wp-json\/wp\/v2\/users\/1"}],"replies":[{"embeddable":true,"href":"https:\/\/bybaleon.com\/en\/wp-json\/wp\/v2\/comments?post=1526"}],"version-history":[{"count":21,"href":"https:\/\/bybaleon.com\/en\/wp-json\/wp\/v2\/pages\/1526\/revisions"}],"predecessor-version":[{"id":2323,"href":"https:\/\/bybaleon.com\/en\/wp-json\/wp\/v2\/pages\/1526\/revisions\/2323"}],"wp:featuredmedia":[{"embeddable":true,"href":"https:\/\/bybaleon.com\/en\/wp-json\/wp\/v2\/media\/1527"}],"wp:attachment":[{"href":"https:\/\/bybaleon.com\/en\/wp-json\/wp\/v2\/media?parent=1526"}],"curies":[{"name":"wp","href":"https:\/\/api.w.org\/{rel}","templated":true}]}}