{"id":2200,"date":"2024-05-15T14:17:35","date_gmt":"2024-05-15T19:17:35","guid":{"rendered":"https:\/\/bybaleon.com\/?page_id=2200"},"modified":"2025-09-11T14:22:44","modified_gmt":"2025-09-11T19:22:44","slug":"pilatina-web","status":"publish","type":"page","link":"https:\/\/bybaleon.com\/en\/pilatina-web\/","title":{"rendered":"Pilatina"},"content":{"rendered":"<div data-elementor-type=\"wp-page\" data-elementor-id=\"2200\" class=\"elementor elementor-2200\" data-elementor-post-type=\"page\">\n\t\t\t\t<div class=\"elementor-element elementor-element-5d9200f e-flex e-con-boxed e-con e-parent\" data-id=\"5d9200f\" data-element_type=\"container\" data-e-type=\"container\">\n\t\t\t\t\t<div class=\"e-con-inner\">\n\t\t<div class=\"elementor-element elementor-element-828bce4 e-con-full e-flex e-con e-child\" data-id=\"828bce4\" data-element_type=\"container\" data-e-type=\"container\">\n\t\t\t\t<div class=\"elementor-element elementor-element-f1fe28b elementor-hidden-tablet elementor-hidden-mobile elementor-widget elementor-widget-heading\" data-id=\"f1fe28b\" data-element_type=\"widget\" data-e-type=\"widget\" data-widget_type=\"heading.default\">\n\t\t\t\t<div class=\"elementor-widget-container\">\n\t\t\t\t\t<p class=\"elementor-heading-title elementor-size-default\"><a href=\"https:\/\/bybaleon.com\/en\/#portafolio\">\u2190 Our Portfolio<\/a><\/p>\t\t\t\t<\/div>\n\t\t\t\t<\/div>\n\t\t\t\t<div class=\"elementor-element elementor-element-c1fb36f elementor-hidden-desktop elementor-widget elementor-widget-heading\" data-id=\"c1fb36f\" data-element_type=\"widget\" data-e-type=\"widget\" data-widget_type=\"heading.default\">\n\t\t\t\t<div class=\"elementor-widget-container\">\n\t\t\t\t\t<p class=\"elementor-heading-title elementor-size-default\"><a href=\"https:\/\/bybaleon.com\/en\/#portafoliomovil\">Our Portfolio<\/a><\/p>\t\t\t\t<\/div>\n\t\t\t\t<\/div>\n\t\t\t\t<\/div>\n\t\t<div class=\"elementor-element elementor-element-644dc17 e-con-full e-flex e-con e-child\" data-id=\"644dc17\" data-element_type=\"container\" data-e-type=\"container\">\n\t\t\t\t<\/div>\n\t\t<div class=\"elementor-element elementor-element-97b09ce e-con-full e-flex e-con e-child\" data-id=\"97b09ce\" data-element_type=\"container\" data-e-type=\"container\">\n\t\t\t\t<div class=\"elementor-element elementor-element-6673e82 elementor-widget elementor-widget-spacer\" data-id=\"6673e82\" data-element_type=\"widget\" data-e-type=\"widget\" data-widget_type=\"spacer.default\">\n\t\t\t\t<div class=\"elementor-widget-container\">\n\t\t\t\t\t\t\t<div class=\"elementor-spacer\">\n\t\t\t<div class=\"elementor-spacer-inner\"><\/div>\n\t\t<\/div>\n\t\t\t\t\t\t<\/div>\n\t\t\t\t<\/div>\n\t\t\t\t<\/div>\n\t\t\t\t\t<\/div>\n\t\t\t\t<\/div>\n\t\t<div class=\"elementor-element elementor-element-cf907b6 e-flex e-con-boxed e-con e-parent\" data-id=\"cf907b6\" data-element_type=\"container\" data-e-type=\"container\">\n\t\t\t\t\t<div class=\"e-con-inner\">\n\t\t\t\t<div class=\"elementor-element elementor-element-cf46b39 elementor-widget-divider--view-line elementor-widget elementor-widget-divider\" data-id=\"cf46b39\" data-element_type=\"widget\" data-e-type=\"widget\" data-widget_type=\"divider.default\">\n\t\t\t\t<div class=\"elementor-widget-container\">\n\t\t\t\t\t\t\t<div class=\"elementor-divider\">\n\t\t\t<span class=\"elementor-divider-separator\">\n\t\t\t\t\t\t<\/span>\n\t\t<\/div>\n\t\t\t\t\t\t<\/div>\n\t\t\t\t<\/div>\n\t\t\t\t\t<\/div>\n\t\t\t\t<\/div>\n\t\t<div class=\"elementor-element elementor-element-7b0f526 e-flex e-con-boxed e-con e-parent\" data-id=\"7b0f526\" data-element_type=\"container\" data-e-type=\"container\">\n\t\t\t\t\t<div class=\"e-con-inner\">\n\t\t<div class=\"elementor-element elementor-element-769c0e6 e-con-full e-flex e-con e-child\" data-id=\"769c0e6\" data-element_type=\"container\" data-e-type=\"container\">\n\t\t\t\t<div class=\"elementor-element elementor-element-074fc55 elementor-widget elementor-widget-text-editor\" data-id=\"074fc55\" data-element_type=\"widget\" data-e-type=\"widget\" data-widget_type=\"text-editor.default\">\n\t\t\t\t<div class=\"elementor-widget-container\">\n\t\t\t\t\t\t\t\t\t<p><strong>Brief_<\/strong><\/p>\n<p>Desarrollamos una p\u00e1gina web din\u00e1mica y creativa para Pilatina, una marca de papeler\u00eda que inspira diversi\u00f3n y autenticidad en cada producto. El dise\u00f1o se centr\u00f3 en transmitir la personalidad vibrante de la marca, con una experiencia de navegaci\u00f3n intuitiva y visualmente atractiva. El resultado es una plataforma fresca y funcional que conecta con su comunidad, facilita el acceso a toda la l\u00ednea de productos y potencia la presencia digital de Pilatina como referente en papeler\u00eda con estilo y actitud.<\/p>\t\t\t\t\t\t\t\t<\/div>\n\t\t\t\t<\/div>\n\t\t\t\t<\/div>\n\t\t<div class=\"elementor-element elementor-element-0a6f560 e-con-full e-flex e-con e-child\" data-id=\"0a6f560\" data-element_type=\"container\" data-e-type=\"container\">\n\t\t\t\t<div class=\"elementor-element elementor-element-209b8b2 elementor-widget elementor-widget-text-editor\" data-id=\"209b8b2\" data-element_type=\"widget\" data-e-type=\"widget\" data-widget_type=\"text-editor.default\">\n\t\t\t\t<div class=\"elementor-widget-container\">\n\t\t\t\t\t\t\t\t\t<p><strong>Client_<\/strong><\/p>\n<p><span style=\"font-weight: 400;\">Pilatina<br \/><\/span><span style=\"font-weight: 400;\">@pilatinaco<\/span><\/p>\t\t\t\t\t\t\t\t<\/div>\n\t\t\t\t<\/div>\n\t\t\t\t<\/div>\n\t\t<div class=\"elementor-element elementor-element-a6cac7b e-con-full e-flex e-con e-child\" data-id=\"a6cac7b\" data-element_type=\"container\" data-e-type=\"container\">\n\t\t\t\t<div class=\"elementor-element elementor-element-eb7447d elementor-widget elementor-widget-text-editor\" data-id=\"eb7447d\" data-element_type=\"widget\" data-e-type=\"widget\" data-widget_type=\"text-editor.default\">\n\t\t\t\t<div class=\"elementor-widget-container\">\n\t\t\t\t\t\t\t\t\t<p><strong>Service_<\/strong><\/p><p><span style=\"font-weight: 400;\">Web page<\/span><\/p>\t\t\t\t\t\t\t\t<\/div>\n\t\t\t\t<\/div>\n\t\t\t\t<\/div>\n\t\t<div class=\"elementor-element elementor-element-9219827 e-con-full e-flex e-con e-child\" data-id=\"9219827\" data-element_type=\"container\" data-e-type=\"container\">\n\t\t\t\t<div class=\"elementor-element elementor-element-88398cc elementor-widget elementor-widget-text-editor\" data-id=\"88398cc\" data-element_type=\"widget\" data-e-type=\"widget\" data-widget_type=\"text-editor.default\">\n\t\t\t\t<div class=\"elementor-widget-container\">\n\t\t\t\t\t\t\t\t\t<p><strong>Team_<\/strong><\/p><p><span style=\"font-weight: 400;\">Juan Seb\u00e1stian Garcia <\/span><\/p>\t\t\t\t\t\t\t\t<\/div>\n\t\t\t\t<\/div>\n\t\t\t\t<\/div>\n\t\t\t\t\t<\/div>\n\t\t\t\t<\/div>\n\t\t<div class=\"elementor-element elementor-element-a673d4b e-flex e-con-boxed e-con e-parent\" data-id=\"a673d4b\" data-element_type=\"container\" data-e-type=\"container\">\n\t\t\t\t\t<div class=\"e-con-inner\">\n\t\t<div class=\"elementor-element elementor-element-f9a42bb e-con-full e-flex e-con e-child\" data-id=\"f9a42bb\" data-element_type=\"container\" data-e-type=\"container\">\n\t\t\t\t<div class=\"elementor-element elementor-element-2415873 elementor-widget elementor-widget-image\" data-id=\"2415873\" data-element_type=\"widget\" data-e-type=\"widget\" data-widget_type=\"image.default\">\n\t\t\t\t<div class=\"elementor-widget-container\">\n\t\t\t\t\t\t\t\t\t\t\t\t\t\t\t<img fetchpriority=\"high\" decoding=\"async\" width=\"1267\" height=\"597\" src=\"https:\/\/bybaleon.com\/wp-content\/uploads\/2025\/09\/Pilatina-web-01.webp\" class=\"attachment-full size-full wp-image-2389\" alt=\"\" srcset=\"https:\/\/bybaleon.com\/wp-content\/uploads\/2025\/09\/Pilatina-web-01.webp 1267w, https:\/\/bybaleon.com\/wp-content\/uploads\/2025\/09\/Pilatina-web-01-300x141.webp 300w, https:\/\/bybaleon.com\/wp-content\/uploads\/2025\/09\/Pilatina-web-01-1024x483.webp 1024w, https:\/\/bybaleon.com\/wp-content\/uploads\/2025\/09\/Pilatina-web-01-768x362.webp 768w, https:\/\/bybaleon.com\/wp-content\/uploads\/2025\/09\/Pilatina-web-01-18x8.webp 18w\" sizes=\"(max-width: 1267px) 100vw, 1267px\" \/>\t\t\t\t\t\t\t\t\t\t\t\t\t\t\t<\/div>\n\t\t\t\t<\/div>\n\t\t\t\t<\/div>\n\t\t<div class=\"elementor-element elementor-element-4b714e2 e-con-full e-flex e-con e-child\" data-id=\"4b714e2\" data-element_type=\"container\" data-e-type=\"container\">\n\t\t\t\t<div class=\"elementor-element elementor-element-a4a8f21 elementor-widget elementor-widget-image\" data-id=\"a4a8f21\" data-element_type=\"widget\" data-e-type=\"widget\" data-widget_type=\"image.default\">\n\t\t\t\t<div class=\"elementor-widget-container\">\n\t\t\t\t\t\t\t\t\t\t\t\t\t\t\t<img decoding=\"async\" width=\"1259\" height=\"594\" src=\"https:\/\/bybaleon.com\/wp-content\/uploads\/2025\/09\/Pilatina-web-02.webp\" class=\"attachment-full size-full wp-image-2406\" alt=\"\" srcset=\"https:\/\/bybaleon.com\/wp-content\/uploads\/2025\/09\/Pilatina-web-02.webp 1259w, https:\/\/bybaleon.com\/wp-content\/uploads\/2025\/09\/Pilatina-web-02-300x142.webp 300w, https:\/\/bybaleon.com\/wp-content\/uploads\/2025\/09\/Pilatina-web-02-1024x483.webp 1024w, https:\/\/bybaleon.com\/wp-content\/uploads\/2025\/09\/Pilatina-web-02-768x362.webp 768w, https:\/\/bybaleon.com\/wp-content\/uploads\/2025\/09\/Pilatina-web-02-18x8.webp 18w\" sizes=\"(max-width: 1259px) 100vw, 1259px\" \/>\t\t\t\t\t\t\t\t\t\t\t\t\t\t\t<\/div>\n\t\t\t\t<\/div>\n\t\t\t\t<div class=\"elementor-element elementor-element-73dc360 elementor-widget elementor-widget-image\" data-id=\"73dc360\" data-element_type=\"widget\" data-e-type=\"widget\" data-widget_type=\"image.default\">\n\t\t\t\t<div class=\"elementor-widget-container\">\n\t\t\t\t\t\t\t\t\t\t\t\t\t\t\t<img decoding=\"async\" width=\"1102\" height=\"563\" src=\"https:\/\/bybaleon.com\/wp-content\/uploads\/2025\/09\/Pilatina-web-05.webp\" class=\"attachment-full size-full wp-image-2403\" alt=\"\" srcset=\"https:\/\/bybaleon.com\/wp-content\/uploads\/2025\/09\/Pilatina-web-05.webp 1102w, https:\/\/bybaleon.com\/wp-content\/uploads\/2025\/09\/Pilatina-web-05-300x153.webp 300w, https:\/\/bybaleon.com\/wp-content\/uploads\/2025\/09\/Pilatina-web-05-1024x523.webp 1024w, https:\/\/bybaleon.com\/wp-content\/uploads\/2025\/09\/Pilatina-web-05-768x392.webp 768w, https:\/\/bybaleon.com\/wp-content\/uploads\/2025\/09\/Pilatina-web-05-18x9.webp 18w\" sizes=\"(max-width: 1102px) 100vw, 1102px\" \/>\t\t\t\t\t\t\t\t\t\t\t\t\t\t\t<\/div>\n\t\t\t\t<\/div>\n\t\t\t\t<\/div>\n\t\t<div class=\"elementor-element elementor-element-1b4df55 e-con-full e-flex e-con e-child\" data-id=\"1b4df55\" data-element_type=\"container\" data-e-type=\"container\">\n\t\t\t\t<div class=\"elementor-element elementor-element-be7e0ee elementor-widget elementor-widget-image\" data-id=\"be7e0ee\" data-element_type=\"widget\" data-e-type=\"widget\" data-widget_type=\"image.default\">\n\t\t\t\t<div class=\"elementor-widget-container\">\n\t\t\t\t\t\t\t\t\t\t\t\t\t\t\t<img loading=\"lazy\" decoding=\"async\" width=\"1261\" height=\"599\" src=\"https:\/\/bybaleon.com\/wp-content\/uploads\/2025\/09\/Pilatina-web-04.webp\" class=\"attachment-full size-full wp-image-2405\" alt=\"\" srcset=\"https:\/\/bybaleon.com\/wp-content\/uploads\/2025\/09\/Pilatina-web-04.webp 1261w, https:\/\/bybaleon.com\/wp-content\/uploads\/2025\/09\/Pilatina-web-04-300x143.webp 300w, https:\/\/bybaleon.com\/wp-content\/uploads\/2025\/09\/Pilatina-web-04-1024x486.webp 1024w, https:\/\/bybaleon.com\/wp-content\/uploads\/2025\/09\/Pilatina-web-04-768x365.webp 768w, https:\/\/bybaleon.com\/wp-content\/uploads\/2025\/09\/Pilatina-web-04-18x9.webp 18w\" sizes=\"(max-width: 1261px) 100vw, 1261px\" \/>\t\t\t\t\t\t\t\t\t\t\t\t\t\t\t<\/div>\n\t\t\t\t<\/div>\n\t\t\t\t<\/div>\n\t\t<div class=\"elementor-element elementor-element-4ab0860 e-con-full e-flex e-con e-child\" data-id=\"4ab0860\" data-element_type=\"container\" data-e-type=\"container\">\n\t\t\t\t<div class=\"elementor-element elementor-element-77f8c80 elementor-widget elementor-widget-image\" data-id=\"77f8c80\" data-element_type=\"widget\" data-e-type=\"widget\" data-widget_type=\"image.default\">\n\t\t\t\t<div class=\"elementor-widget-container\">\n\t\t\t\t\t\t\t\t\t\t\t\t\t\t\t<img loading=\"lazy\" decoding=\"async\" width=\"1218\" height=\"600\" src=\"https:\/\/bybaleon.com\/wp-content\/uploads\/2025\/09\/Pilatina-web-03.webp\" class=\"attachment-full size-full wp-image-2404\" alt=\"\" srcset=\"https:\/\/bybaleon.com\/wp-content\/uploads\/2025\/09\/Pilatina-web-03.webp 1218w, https:\/\/bybaleon.com\/wp-content\/uploads\/2025\/09\/Pilatina-web-03-300x148.webp 300w, https:\/\/bybaleon.com\/wp-content\/uploads\/2025\/09\/Pilatina-web-03-1024x504.webp 1024w, https:\/\/bybaleon.com\/wp-content\/uploads\/2025\/09\/Pilatina-web-03-768x378.webp 768w, https:\/\/bybaleon.com\/wp-content\/uploads\/2025\/09\/Pilatina-web-03-18x9.webp 18w\" sizes=\"(max-width: 1218px) 100vw, 1218px\" \/>\t\t\t\t\t\t\t\t\t\t\t\t\t\t\t<\/div>\n\t\t\t\t<\/div>\n\t\t\t\t<\/div>\n\t\t\t\t\t<\/div>\n\t\t\t\t<\/div>\n\t\t\t\t<\/div>","protected":false},"excerpt":{"rendered":"<p>Desarrollamos una p\u00e1gina web din\u00e1mica y creativa para Pilatina, una marca de papeler\u00eda que inspira diversi\u00f3n y autenticidad en cada producto.<\/p>","protected":false},"author":1,"featured_media":2389,"parent":0,"menu_order":0,"comment_status":"closed","ping_status":"closed","template":"","meta":{"inline_featured_image":false,"footnotes":""},"class_list":["post-2200","page","type-page","status-publish","has-post-thumbnail","hentry"],"yoast_head":"<!-- This site is optimized with the Yoast SEO plugin v27.4 - https:\/\/yoast.com\/product\/yoast-seo-wordpress\/ -->\n<title>Pilatina - Bale\u00f3n<\/title>\n<meta name=\"description\" content=\"Desarrollamos una p\u00e1gina web din\u00e1mica y creativa para Pilatina, una marca de papeler\u00eda que inspira diversi\u00f3n y autenticidad en cada producto.\" \/>\n<meta name=\"robots\" content=\"index, follow, max-snippet:-1, max-image-preview:large, max-video-preview:-1\" \/>\n<link rel=\"canonical\" href=\"https:\/\/bybaleon.com\/en\/pilatina-web\/\" \/>\n<meta property=\"og:locale\" content=\"en_US\" \/>\n<meta property=\"og:type\" content=\"article\" \/>\n<meta property=\"og:title\" content=\"Pilatina - Bale\u00f3n\" \/>\n<meta property=\"og:description\" content=\"Desarrollamos una p\u00e1gina web din\u00e1mica y creativa para Pilatina, una marca de papeler\u00eda que inspira diversi\u00f3n y autenticidad en cada producto.\" \/>\n<meta property=\"og:url\" content=\"https:\/\/bybaleon.com\/en\/pilatina-web\/\" \/>\n<meta property=\"og:site_name\" content=\"Bale\u00f3n\" \/>\n<meta property=\"article:publisher\" content=\"https:\/\/www.facebook.com\/bybaleon\/\" \/>\n<meta property=\"article:modified_time\" content=\"2025-09-11T19:22:44+00:00\" \/>\n<meta property=\"og:image\" content=\"https:\/\/bybaleon.com\/wp-content\/uploads\/2025\/09\/Pilatina-web-01.webp\" \/>\n\t<meta property=\"og:image:width\" content=\"1267\" \/>\n\t<meta property=\"og:image:height\" content=\"597\" \/>\n\t<meta property=\"og:image:type\" content=\"image\/webp\" \/>\n<meta name=\"twitter:card\" content=\"summary_large_image\" \/>\n<meta name=\"twitter:label1\" content=\"Est. reading time\" \/>\n\t<meta name=\"twitter:data1\" content=\"2 minutes\" \/>\n<script type=\"application\/ld+json\" class=\"yoast-schema-graph\">{\"@context\":\"https:\\\/\\\/schema.org\",\"@graph\":[{\"@type\":\"WebPage\",\"@id\":\"https:\\\/\\\/bybaleon.com\\\/pilatina-web\\\/\",\"url\":\"https:\\\/\\\/bybaleon.com\\\/pilatina-web\\\/\",\"name\":\"Pilatina - Bale\u00f3n\",\"isPartOf\":{\"@id\":\"https:\\\/\\\/bybaleon.com\\\/#website\"},\"primaryImageOfPage\":{\"@id\":\"https:\\\/\\\/bybaleon.com\\\/pilatina-web\\\/#primaryimage\"},\"image\":{\"@id\":\"https:\\\/\\\/bybaleon.com\\\/pilatina-web\\\/#primaryimage\"},\"thumbnailUrl\":\"https:\\\/\\\/bybaleon.com\\\/wp-content\\\/uploads\\\/2025\\\/09\\\/Pilatina-web-01.webp\",\"datePublished\":\"2024-05-15T19:17:35+00:00\",\"dateModified\":\"2025-09-11T19:22:44+00:00\",\"description\":\"Desarrollamos una p\u00e1gina web din\u00e1mica y creativa para Pilatina, una marca de papeler\u00eda que inspira diversi\u00f3n y autenticidad en cada producto.\",\"breadcrumb\":{\"@id\":\"https:\\\/\\\/bybaleon.com\\\/pilatina-web\\\/#breadcrumb\"},\"inLanguage\":\"en-US\",\"potentialAction\":[{\"@type\":\"ReadAction\",\"target\":[\"https:\\\/\\\/bybaleon.com\\\/pilatina-web\\\/\"]}]},{\"@type\":\"ImageObject\",\"inLanguage\":\"en-US\",\"@id\":\"https:\\\/\\\/bybaleon.com\\\/pilatina-web\\\/#primaryimage\",\"url\":\"https:\\\/\\\/bybaleon.com\\\/wp-content\\\/uploads\\\/2025\\\/09\\\/Pilatina-web-01.webp\",\"contentUrl\":\"https:\\\/\\\/bybaleon.com\\\/wp-content\\\/uploads\\\/2025\\\/09\\\/Pilatina-web-01.webp\",\"width\":1267,\"height\":597},{\"@type\":\"BreadcrumbList\",\"@id\":\"https:\\\/\\\/bybaleon.com\\\/pilatina-web\\\/#breadcrumb\",\"itemListElement\":[{\"@type\":\"ListItem\",\"position\":1,\"name\":\"Inicio\",\"item\":\"https:\\\/\\\/bybaleon.com\\\/\"},{\"@type\":\"ListItem\",\"position\":2,\"name\":\"Pilatina\"}]},{\"@type\":\"WebSite\",\"@id\":\"https:\\\/\\\/bybaleon.com\\\/#website\",\"url\":\"https:\\\/\\\/bybaleon.com\\\/\",\"name\":\"Bale\u00f3n\",\"description\":\"Tu Aliado Camale\u00f3nico\",\"publisher\":{\"@id\":\"https:\\\/\\\/bybaleon.com\\\/#organization\"},\"potentialAction\":[{\"@type\":\"SearchAction\",\"target\":{\"@type\":\"EntryPoint\",\"urlTemplate\":\"https:\\\/\\\/bybaleon.com\\\/?s={search_term_string}\"},\"query-input\":{\"@type\":\"PropertyValueSpecification\",\"valueRequired\":true,\"valueName\":\"search_term_string\"}}],\"inLanguage\":\"en-US\"},{\"@type\":\"Organization\",\"@id\":\"https:\\\/\\\/bybaleon.com\\\/#organization\",\"name\":\"Bale\u00f3n\",\"url\":\"https:\\\/\\\/bybaleon.com\\\/\",\"logo\":{\"@type\":\"ImageObject\",\"inLanguage\":\"en-US\",\"@id\":\"https:\\\/\\\/bybaleon.com\\\/#\\\/schema\\\/logo\\\/image\\\/\",\"url\":\"https:\\\/\\\/bybaleon.com\\\/wp-content\\\/uploads\\\/2023\\\/11\\\/logo-baleon-01.svg\",\"contentUrl\":\"https:\\\/\\\/bybaleon.com\\\/wp-content\\\/uploads\\\/2023\\\/11\\\/logo-baleon-01.svg\",\"width\":1280,\"height\":384,\"caption\":\"Bale\u00f3n\"},\"image\":{\"@id\":\"https:\\\/\\\/bybaleon.com\\\/#\\\/schema\\\/logo\\\/image\\\/\"},\"sameAs\":[\"https:\\\/\\\/www.facebook.com\\\/bybaleon\\\/\",\"https:\\\/\\\/www.instagram.com\\\/bybaleon\\\/\",\"https:\\\/\\\/www.tiktok.com\\\/@bybaleon\",\"https:\\\/\\\/www.linkedin.com\\\/company\\\/baleon-digital-creative-studio\\\/\"]}]}<\/script>\n<!-- \/ Yoast SEO plugin. -->","yoast_head_json":{"title":"Pilatina - Bale\u00f3n","description":"Desarrollamos una p\u00e1gina web din\u00e1mica y creativa para Pilatina, una marca de papeler\u00eda que inspira diversi\u00f3n y autenticidad en cada producto.","robots":{"index":"index","follow":"follow","max-snippet":"max-snippet:-1","max-image-preview":"max-image-preview:large","max-video-preview":"max-video-preview:-1"},"canonical":"https:\/\/bybaleon.com\/en\/pilatina-web\/","og_locale":"en_US","og_type":"article","og_title":"Pilatina - Bale\u00f3n","og_description":"Desarrollamos una p\u00e1gina web din\u00e1mica y creativa para Pilatina, una marca de papeler\u00eda que inspira diversi\u00f3n y autenticidad en cada producto.","og_url":"https:\/\/bybaleon.com\/en\/pilatina-web\/","og_site_name":"Bale\u00f3n","article_publisher":"https:\/\/www.facebook.com\/bybaleon\/","article_modified_time":"2025-09-11T19:22:44+00:00","og_image":[{"width":1267,"height":597,"url":"https:\/\/bybaleon.com\/wp-content\/uploads\/2025\/09\/Pilatina-web-01.webp","type":"image\/webp"}],"twitter_card":"summary_large_image","twitter_misc":{"Est. reading time":"2 minutes"},"schema":{"@context":"https:\/\/schema.org","@graph":[{"@type":"WebPage","@id":"https:\/\/bybaleon.com\/pilatina-web\/","url":"https:\/\/bybaleon.com\/pilatina-web\/","name":"Pilatina - Bale\u00f3n","isPartOf":{"@id":"https:\/\/bybaleon.com\/#website"},"primaryImageOfPage":{"@id":"https:\/\/bybaleon.com\/pilatina-web\/#primaryimage"},"image":{"@id":"https:\/\/bybaleon.com\/pilatina-web\/#primaryimage"},"thumbnailUrl":"https:\/\/bybaleon.com\/wp-content\/uploads\/2025\/09\/Pilatina-web-01.webp","datePublished":"2024-05-15T19:17:35+00:00","dateModified":"2025-09-11T19:22:44+00:00","description":"Desarrollamos una p\u00e1gina web din\u00e1mica y creativa para Pilatina, una marca de papeler\u00eda que inspira diversi\u00f3n y autenticidad en cada producto.","breadcrumb":{"@id":"https:\/\/bybaleon.com\/pilatina-web\/#breadcrumb"},"inLanguage":"en-US","potentialAction":[{"@type":"ReadAction","target":["https:\/\/bybaleon.com\/pilatina-web\/"]}]},{"@type":"ImageObject","inLanguage":"en-US","@id":"https:\/\/bybaleon.com\/pilatina-web\/#primaryimage","url":"https:\/\/bybaleon.com\/wp-content\/uploads\/2025\/09\/Pilatina-web-01.webp","contentUrl":"https:\/\/bybaleon.com\/wp-content\/uploads\/2025\/09\/Pilatina-web-01.webp","width":1267,"height":597},{"@type":"BreadcrumbList","@id":"https:\/\/bybaleon.com\/pilatina-web\/#breadcrumb","itemListElement":[{"@type":"ListItem","position":1,"name":"Inicio","item":"https:\/\/bybaleon.com\/"},{"@type":"ListItem","position":2,"name":"Pilatina"}]},{"@type":"WebSite","@id":"https:\/\/bybaleon.com\/#website","url":"https:\/\/bybaleon.com\/","name":"Bale\u00f3n","description":"Your Ally Chameleon","publisher":{"@id":"https:\/\/bybaleon.com\/#organization"},"potentialAction":[{"@type":"SearchAction","target":{"@type":"EntryPoint","urlTemplate":"https:\/\/bybaleon.com\/?s={search_term_string}"},"query-input":{"@type":"PropertyValueSpecification","valueRequired":true,"valueName":"search_term_string"}}],"inLanguage":"en-US"},{"@type":"Organization","@id":"https:\/\/bybaleon.com\/#organization","name":"Bale\u00f3n","url":"https:\/\/bybaleon.com\/","logo":{"@type":"ImageObject","inLanguage":"en-US","@id":"https:\/\/bybaleon.com\/#\/schema\/logo\/image\/","url":"https:\/\/bybaleon.com\/wp-content\/uploads\/2023\/11\/logo-baleon-01.svg","contentUrl":"https:\/\/bybaleon.com\/wp-content\/uploads\/2023\/11\/logo-baleon-01.svg","width":1280,"height":384,"caption":"Bale\u00f3n"},"image":{"@id":"https:\/\/bybaleon.com\/#\/schema\/logo\/image\/"},"sameAs":["https:\/\/www.facebook.com\/bybaleon\/","https:\/\/www.instagram.com\/bybaleon\/","https:\/\/www.tiktok.com\/@bybaleon","https:\/\/www.linkedin.com\/company\/baleon-digital-creative-studio\/"]}]}},"_links":{"self":[{"href":"https:\/\/bybaleon.com\/en\/wp-json\/wp\/v2\/pages\/2200","targetHints":{"allow":["GET"]}}],"collection":[{"href":"https:\/\/bybaleon.com\/en\/wp-json\/wp\/v2\/pages"}],"about":[{"href":"https:\/\/bybaleon.com\/en\/wp-json\/wp\/v2\/types\/page"}],"author":[{"embeddable":true,"href":"https:\/\/bybaleon.com\/en\/wp-json\/wp\/v2\/users\/1"}],"replies":[{"embeddable":true,"href":"https:\/\/bybaleon.com\/en\/wp-json\/wp\/v2\/comments?post=2200"}],"version-history":[{"count":22,"href":"https:\/\/bybaleon.com\/en\/wp-json\/wp\/v2\/pages\/2200\/revisions"}],"predecessor-version":[{"id":2415,"href":"https:\/\/bybaleon.com\/en\/wp-json\/wp\/v2\/pages\/2200\/revisions\/2415"}],"wp:featuredmedia":[{"embeddable":true,"href":"https:\/\/bybaleon.com\/en\/wp-json\/wp\/v2\/media\/2389"}],"wp:attachment":[{"href":"https:\/\/bybaleon.com\/en\/wp-json\/wp\/v2\/media?parent=2200"}],"curies":[{"name":"wp","href":"https:\/\/api.w.org\/{rel}","templated":true}]}}