{"id":2235,"date":"2024-05-15T14:56:37","date_gmt":"2024-05-15T19:56:37","guid":{"rendered":"https:\/\/bybaleon.com\/?page_id=2235"},"modified":"2024-05-15T18:02:23","modified_gmt":"2024-05-15T23:02:23","slug":"kahai","status":"publish","type":"page","link":"https:\/\/bybaleon.com\/en\/kahai\/","title":{"rendered":"Kahai"},"content":{"rendered":"<div data-elementor-type=\"wp-page\" data-elementor-id=\"2235\" class=\"elementor elementor-2235\" data-elementor-post-type=\"page\">\n\t\t\t\t<div class=\"elementor-element elementor-element-5d9200f e-flex e-con-boxed e-con e-parent\" data-id=\"5d9200f\" data-element_type=\"container\" data-e-type=\"container\">\n\t\t\t\t\t<div class=\"e-con-inner\">\n\t\t<div class=\"elementor-element elementor-element-828bce4 e-con-full e-flex e-con e-child\" data-id=\"828bce4\" data-element_type=\"container\" data-e-type=\"container\">\n\t\t\t\t<div class=\"elementor-element elementor-element-ce8876d elementor-hidden-tablet elementor-hidden-mobile elementor-widget elementor-widget-heading\" data-id=\"ce8876d\" data-element_type=\"widget\" data-e-type=\"widget\" data-widget_type=\"heading.default\">\n\t\t\t\t<div class=\"elementor-widget-container\">\n\t\t\t\t\t<p class=\"elementor-heading-title elementor-size-default\"><a href=\"https:\/\/bybaleon.com\/en\/#portafolio\">\u2190 Our Portfolio<\/a><\/p>\t\t\t\t<\/div>\n\t\t\t\t<\/div>\n\t\t\t\t<div class=\"elementor-element elementor-element-3345e04 elementor-hidden-desktop elementor-widget elementor-widget-heading\" data-id=\"3345e04\" data-element_type=\"widget\" data-e-type=\"widget\" data-widget_type=\"heading.default\">\n\t\t\t\t<div class=\"elementor-widget-container\">\n\t\t\t\t\t<p class=\"elementor-heading-title elementor-size-default\"><a href=\"https:\/\/bybaleon.com\/en\/#portafoliomovil\">Our Portfolio<\/a><\/p>\t\t\t\t<\/div>\n\t\t\t\t<\/div>\n\t\t\t\t<\/div>\n\t\t<div class=\"elementor-element elementor-element-644dc17 e-con-full e-flex e-con e-child\" data-id=\"644dc17\" data-element_type=\"container\" data-e-type=\"container\">\n\t\t\t\t<\/div>\n\t\t<div class=\"elementor-element elementor-element-97b09ce e-con-full e-flex e-con e-child\" data-id=\"97b09ce\" data-element_type=\"container\" data-e-type=\"container\">\n\t\t\t\t<div class=\"elementor-element elementor-element-6673e82 elementor-widget elementor-widget-spacer\" data-id=\"6673e82\" data-element_type=\"widget\" data-e-type=\"widget\" data-widget_type=\"spacer.default\">\n\t\t\t\t<div class=\"elementor-widget-container\">\n\t\t\t\t\t\t\t<div class=\"elementor-spacer\">\n\t\t\t<div class=\"elementor-spacer-inner\"><\/div>\n\t\t<\/div>\n\t\t\t\t\t\t<\/div>\n\t\t\t\t<\/div>\n\t\t\t\t<\/div>\n\t\t\t\t\t<\/div>\n\t\t\t\t<\/div>\n\t\t<div class=\"elementor-element elementor-element-cf907b6 e-flex e-con-boxed e-con e-parent\" data-id=\"cf907b6\" data-element_type=\"container\" data-e-type=\"container\">\n\t\t\t\t\t<div class=\"e-con-inner\">\n\t\t\t\t<div class=\"elementor-element elementor-element-cf46b39 elementor-widget-divider--view-line elementor-widget elementor-widget-divider\" data-id=\"cf46b39\" data-element_type=\"widget\" data-e-type=\"widget\" data-widget_type=\"divider.default\">\n\t\t\t\t<div class=\"elementor-widget-container\">\n\t\t\t\t\t\t\t<div class=\"elementor-divider\">\n\t\t\t<span class=\"elementor-divider-separator\">\n\t\t\t\t\t\t<\/span>\n\t\t<\/div>\n\t\t\t\t\t\t<\/div>\n\t\t\t\t<\/div>\n\t\t\t\t\t<\/div>\n\t\t\t\t<\/div>\n\t\t<div class=\"elementor-element elementor-element-7b0f526 e-flex e-con-boxed e-con e-parent\" data-id=\"7b0f526\" data-element_type=\"container\" data-e-type=\"container\">\n\t\t\t\t\t<div class=\"e-con-inner\">\n\t\t<div class=\"elementor-element elementor-element-769c0e6 e-con-full e-flex e-con e-child\" data-id=\"769c0e6\" data-element_type=\"container\" data-e-type=\"container\">\n\t\t\t\t<div class=\"elementor-element elementor-element-074fc55 elementor-widget elementor-widget-text-editor\" data-id=\"074fc55\" data-element_type=\"widget\" data-e-type=\"widget\" data-widget_type=\"text-editor.default\">\n\t\t\t\t<div class=\"elementor-widget-container\">\n\t\t\t\t\t\t\t\t\t<p><strong>Brief_<\/strong><\/p><p><span style=\"font-weight: 400;\">We make graphics that reflect the essence of Kahai. These illustrations enrich the visual experience and reinforce the emotional connection with customers, highlighting the authenticity and quality of the products Kahai.<\/span><\/p>\t\t\t\t\t\t\t\t<\/div>\n\t\t\t\t<\/div>\n\t\t\t\t<\/div>\n\t\t<div class=\"elementor-element elementor-element-0a6f560 e-con-full e-flex e-con e-child\" data-id=\"0a6f560\" data-element_type=\"container\" data-e-type=\"container\">\n\t\t\t\t<div class=\"elementor-element elementor-element-209b8b2 elementor-widget elementor-widget-text-editor\" data-id=\"209b8b2\" data-element_type=\"widget\" data-e-type=\"widget\" data-widget_type=\"text-editor.default\">\n\t\t\t\t<div class=\"elementor-widget-container\">\n\t\t\t\t\t\t\t\t\t<p><strong>Client_<\/strong><\/p><p><span style=\"font-weight: 400;\">KAHAI<br \/><\/span><span style=\"font-weight: 400;\">kahai.co<\/span><\/p>\t\t\t\t\t\t\t\t<\/div>\n\t\t\t\t<\/div>\n\t\t\t\t<\/div>\n\t\t<div class=\"elementor-element elementor-element-a6cac7b e-con-full e-flex e-con e-child\" data-id=\"a6cac7b\" data-element_type=\"container\" data-e-type=\"container\">\n\t\t\t\t<div class=\"elementor-element elementor-element-eb7447d elementor-widget elementor-widget-text-editor\" data-id=\"eb7447d\" data-element_type=\"widget\" data-e-type=\"widget\" data-widget_type=\"text-editor.default\">\n\t\t\t\t<div class=\"elementor-widget-container\">\n\t\t\t\t\t\t\t\t\t<p><strong>Service_<\/strong><\/p><p><span style=\"font-weight: 400;\">Illustration<\/span><\/p>\t\t\t\t\t\t\t\t<\/div>\n\t\t\t\t<\/div>\n\t\t\t\t<\/div>\n\t\t<div class=\"elementor-element elementor-element-9219827 e-con-full e-flex e-con e-child\" data-id=\"9219827\" data-element_type=\"container\" data-e-type=\"container\">\n\t\t\t\t<div class=\"elementor-element elementor-element-88398cc elementor-widget elementor-widget-text-editor\" data-id=\"88398cc\" data-element_type=\"widget\" data-e-type=\"widget\" data-widget_type=\"text-editor.default\">\n\t\t\t\t<div class=\"elementor-widget-container\">\n\t\t\t\t\t\t\t\t\t<p><strong>Team_<\/strong><\/p><p><span style=\"font-weight: 400;\">Valentina Jimenez<br \/><\/span><span style=\"font-weight: 400;\">Lorena Sanchez<\/span><\/p>\t\t\t\t\t\t\t\t<\/div>\n\t\t\t\t<\/div>\n\t\t\t\t<\/div>\n\t\t\t\t\t<\/div>\n\t\t\t\t<\/div>\n\t\t<div class=\"elementor-element elementor-element-6d693aa e-flex e-con-boxed e-con e-parent\" data-id=\"6d693aa\" data-element_type=\"container\" data-e-type=\"container\">\n\t\t\t\t\t<div class=\"e-con-inner\">\n\t\t<div class=\"elementor-element elementor-element-304d88c e-con-full e-flex e-con e-child\" data-id=\"304d88c\" data-element_type=\"container\" data-e-type=\"container\">\n\t\t\t\t<div class=\"elementor-element elementor-element-2dc025d elementor-widget elementor-widget-image\" data-id=\"2dc025d\" data-element_type=\"widget\" data-e-type=\"widget\" data-widget_type=\"image.default\">\n\t\t\t\t<div class=\"elementor-widget-container\">\n\t\t\t\t\t\t\t\t\t\t\t\t\t\t\t<img fetchpriority=\"high\" decoding=\"async\" width=\"480\" height=\"481\" src=\"https:\/\/bybaleon.com\/wp-content\/uploads\/2024\/05\/kahai-01.png\" class=\"attachment-full size-full wp-image-2253\" alt=\"\" srcset=\"https:\/\/bybaleon.com\/wp-content\/uploads\/2024\/05\/kahai-01.png 480w, https:\/\/bybaleon.com\/wp-content\/uploads\/2024\/05\/kahai-01-300x300.png 300w, https:\/\/bybaleon.com\/wp-content\/uploads\/2024\/05\/kahai-01-150x150.png 150w\" sizes=\"(max-width: 480px) 100vw, 480px\" \/>\t\t\t\t\t\t\t\t\t\t\t\t\t\t\t<\/div>\n\t\t\t\t<\/div>\n\t\t\t\t<div class=\"elementor-element elementor-element-1dece68 elementor-widget elementor-widget-image\" data-id=\"1dece68\" data-element_type=\"widget\" data-e-type=\"widget\" data-widget_type=\"image.default\">\n\t\t\t\t<div class=\"elementor-widget-container\">\n\t\t\t\t\t\t\t\t\t\t\t\t\t\t\t<img decoding=\"async\" width=\"481\" height=\"481\" src=\"https:\/\/bybaleon.com\/wp-content\/uploads\/2024\/05\/kahai-02.png\" class=\"attachment-full size-full wp-image-2254\" alt=\"\" srcset=\"https:\/\/bybaleon.com\/wp-content\/uploads\/2024\/05\/kahai-02.png 481w, https:\/\/bybaleon.com\/wp-content\/uploads\/2024\/05\/kahai-02-300x300.png 300w, https:\/\/bybaleon.com\/wp-content\/uploads\/2024\/05\/kahai-02-150x150.png 150w\" sizes=\"(max-width: 481px) 100vw, 481px\" \/>\t\t\t\t\t\t\t\t\t\t\t\t\t\t\t<\/div>\n\t\t\t\t<\/div>\n\t\t\t\t<\/div>\n\t\t<div class=\"elementor-element elementor-element-4ea9342 e-con-full e-flex e-con e-child\" data-id=\"4ea9342\" data-element_type=\"container\" data-e-type=\"container\">\n\t\t\t\t<div class=\"elementor-element elementor-element-d0b65ec elementor-widget elementor-widget-image\" data-id=\"d0b65ec\" data-element_type=\"widget\" data-e-type=\"widget\" data-widget_type=\"image.default\">\n\t\t\t\t<div class=\"elementor-widget-container\">\n\t\t\t\t\t\t\t\t\t\t\t\t\t\t\t<img decoding=\"async\" width=\"481\" height=\"481\" src=\"https:\/\/bybaleon.com\/wp-content\/uploads\/2024\/05\/kahai-03.png\" class=\"attachment-full size-full wp-image-2255\" alt=\"\" srcset=\"https:\/\/bybaleon.com\/wp-content\/uploads\/2024\/05\/kahai-03.png 481w, https:\/\/bybaleon.com\/wp-content\/uploads\/2024\/05\/kahai-03-300x300.png 300w, https:\/\/bybaleon.com\/wp-content\/uploads\/2024\/05\/kahai-03-150x150.png 150w\" sizes=\"(max-width: 481px) 100vw, 481px\" \/>\t\t\t\t\t\t\t\t\t\t\t\t\t\t\t<\/div>\n\t\t\t\t<\/div>\n\t\t\t\t<div class=\"elementor-element elementor-element-3310969 elementor-widget elementor-widget-image\" data-id=\"3310969\" data-element_type=\"widget\" data-e-type=\"widget\" data-widget_type=\"image.default\">\n\t\t\t\t<div class=\"elementor-widget-container\">\n\t\t\t\t\t\t\t\t\t\t\t\t\t\t\t<img loading=\"lazy\" decoding=\"async\" width=\"480\" height=\"481\" src=\"https:\/\/bybaleon.com\/wp-content\/uploads\/2024\/05\/kahai-04.png\" class=\"attachment-full size-full wp-image-2256\" alt=\"\" srcset=\"https:\/\/bybaleon.com\/wp-content\/uploads\/2024\/05\/kahai-04.png 480w, https:\/\/bybaleon.com\/wp-content\/uploads\/2024\/05\/kahai-04-300x300.png 300w, https:\/\/bybaleon.com\/wp-content\/uploads\/2024\/05\/kahai-04-150x150.png 150w\" sizes=\"(max-width: 480px) 100vw, 480px\" \/>\t\t\t\t\t\t\t\t\t\t\t\t\t\t\t<\/div>\n\t\t\t\t<\/div>\n\t\t\t\t<\/div>\n\t\t<div class=\"elementor-element elementor-element-b83ac18 e-con-full e-flex e-con e-child\" data-id=\"b83ac18\" data-element_type=\"container\" data-e-type=\"container\">\n\t\t\t\t<div class=\"elementor-element elementor-element-da633c6 elementor-widget elementor-widget-image\" data-id=\"da633c6\" data-element_type=\"widget\" data-e-type=\"widget\" data-widget_type=\"image.default\">\n\t\t\t\t<div class=\"elementor-widget-container\">\n\t\t\t\t\t\t\t\t\t\t\t\t\t\t\t<img loading=\"lazy\" decoding=\"async\" width=\"481\" height=\"481\" src=\"https:\/\/bybaleon.com\/wp-content\/uploads\/2024\/05\/kahai-05.png\" class=\"attachment-full size-full wp-image-2257\" alt=\"\" srcset=\"https:\/\/bybaleon.com\/wp-content\/uploads\/2024\/05\/kahai-05.png 481w, https:\/\/bybaleon.com\/wp-content\/uploads\/2024\/05\/kahai-05-300x300.png 300w, https:\/\/bybaleon.com\/wp-content\/uploads\/2024\/05\/kahai-05-150x150.png 150w\" sizes=\"(max-width: 481px) 100vw, 481px\" \/>\t\t\t\t\t\t\t\t\t\t\t\t\t\t\t<\/div>\n\t\t\t\t<\/div>\n\t\t\t\t<div class=\"elementor-element elementor-element-7bb60b7 elementor-widget elementor-widget-image\" data-id=\"7bb60b7\" data-element_type=\"widget\" data-e-type=\"widget\" data-widget_type=\"image.default\">\n\t\t\t\t<div class=\"elementor-widget-container\">\n\t\t\t\t\t\t\t\t\t\t\t\t\t\t\t<img loading=\"lazy\" decoding=\"async\" width=\"481\" height=\"481\" src=\"https:\/\/bybaleon.com\/wp-content\/uploads\/2024\/05\/kahai-06.png\" class=\"attachment-full size-full wp-image-2258\" alt=\"\" srcset=\"https:\/\/bybaleon.com\/wp-content\/uploads\/2024\/05\/kahai-06.png 481w, https:\/\/bybaleon.com\/wp-content\/uploads\/2024\/05\/kahai-06-300x300.png 300w, https:\/\/bybaleon.com\/wp-content\/uploads\/2024\/05\/kahai-06-150x150.png 150w\" sizes=\"(max-width: 481px) 100vw, 481px\" \/>\t\t\t\t\t\t\t\t\t\t\t\t\t\t\t<\/div>\n\t\t\t\t<\/div>\n\t\t\t\t<\/div>\n\t\t<div class=\"elementor-element elementor-element-4eabcf7 e-con-full e-flex e-con e-child\" data-id=\"4eabcf7\" data-element_type=\"container\" data-e-type=\"container\">\n\t\t\t\t<div class=\"elementor-element elementor-element-7ec0c69 elementor-widget elementor-widget-image\" data-id=\"7ec0c69\" data-element_type=\"widget\" data-e-type=\"widget\" data-widget_type=\"image.default\">\n\t\t\t\t<div class=\"elementor-widget-container\">\n\t\t\t\t\t\t\t\t\t\t\t\t\t\t\t<img loading=\"lazy\" decoding=\"async\" width=\"481\" height=\"481\" src=\"https:\/\/bybaleon.com\/wp-content\/uploads\/2024\/05\/kahai-07.png\" class=\"attachment-full size-full wp-image-2259\" alt=\"\" srcset=\"https:\/\/bybaleon.com\/wp-content\/uploads\/2024\/05\/kahai-07.png 481w, https:\/\/bybaleon.com\/wp-content\/uploads\/2024\/05\/kahai-07-300x300.png 300w, https:\/\/bybaleon.com\/wp-content\/uploads\/2024\/05\/kahai-07-150x150.png 150w\" sizes=\"(max-width: 481px) 100vw, 481px\" \/>\t\t\t\t\t\t\t\t\t\t\t\t\t\t\t<\/div>\n\t\t\t\t<\/div>\n\t\t\t\t<\/div>\n\t\t\t\t\t<\/div>\n\t\t\t\t<\/div>\n\t\t\t\t<\/div>","protected":false},"excerpt":{"rendered":"<p>We make graphics that reflect the essence of Kahai. These illustrations enrich the visual experience and reinforce the emotional connection.<\/p>","protected":false},"author":1,"featured_media":2253,"parent":0,"menu_order":0,"comment_status":"closed","ping_status":"closed","template":"","meta":{"inline_featured_image":false,"footnotes":""},"class_list":["post-2235","page","type-page","status-publish","has-post-thumbnail","hentry"],"yoast_head":"<!-- This site is optimized with the Yoast SEO plugin v27.4 - https:\/\/yoast.com\/product\/yoast-seo-wordpress\/ -->\n<title>Kahai - Bale\u00f3n<\/title>\n<meta name=\"description\" content=\"Realizamos gr\u00e1ficos que reflejan la esencia de Kahai. Estas ilustraciones enriquecen la experiencia visual y refuerzan la conexi\u00f3n emocional.\" \/>\n<meta name=\"robots\" content=\"index, follow, max-snippet:-1, max-image-preview:large, max-video-preview:-1\" \/>\n<link rel=\"canonical\" href=\"https:\/\/bybaleon.com\/en\/kahai\/\" \/>\n<meta property=\"og:locale\" content=\"en_US\" \/>\n<meta property=\"og:type\" content=\"article\" \/>\n<meta property=\"og:title\" content=\"Kahai - Bale\u00f3n\" \/>\n<meta property=\"og:description\" content=\"Realizamos gr\u00e1ficos que reflejan la esencia de Kahai. Estas ilustraciones enriquecen la experiencia visual y refuerzan la conexi\u00f3n emocional.\" \/>\n<meta property=\"og:url\" content=\"https:\/\/bybaleon.com\/en\/kahai\/\" \/>\n<meta property=\"og:site_name\" content=\"Bale\u00f3n\" \/>\n<meta property=\"article:publisher\" content=\"https:\/\/www.facebook.com\/bybaleon\/\" \/>\n<meta property=\"article:modified_time\" content=\"2024-05-15T23:02:23+00:00\" \/>\n<meta property=\"og:image\" content=\"https:\/\/bybaleon.com\/wp-content\/uploads\/2024\/05\/kahai-01.png\" \/>\n\t<meta property=\"og:image:width\" content=\"480\" \/>\n\t<meta property=\"og:image:height\" content=\"481\" \/>\n\t<meta property=\"og:image:type\" content=\"image\/png\" \/>\n<meta name=\"twitter:card\" content=\"summary_large_image\" \/>\n<meta name=\"twitter:label1\" content=\"Est. reading time\" \/>\n\t<meta name=\"twitter:data1\" content=\"2 minutes\" \/>\n<script type=\"application\/ld+json\" class=\"yoast-schema-graph\">{\"@context\":\"https:\\\/\\\/schema.org\",\"@graph\":[{\"@type\":\"WebPage\",\"@id\":\"https:\\\/\\\/bybaleon.com\\\/kahai\\\/\",\"url\":\"https:\\\/\\\/bybaleon.com\\\/kahai\\\/\",\"name\":\"Kahai - Bale\u00f3n\",\"isPartOf\":{\"@id\":\"https:\\\/\\\/bybaleon.com\\\/#website\"},\"primaryImageOfPage\":{\"@id\":\"https:\\\/\\\/bybaleon.com\\\/kahai\\\/#primaryimage\"},\"image\":{\"@id\":\"https:\\\/\\\/bybaleon.com\\\/kahai\\\/#primaryimage\"},\"thumbnailUrl\":\"https:\\\/\\\/bybaleon.com\\\/wp-content\\\/uploads\\\/2024\\\/05\\\/kahai-01.png\",\"datePublished\":\"2024-05-15T19:56:37+00:00\",\"dateModified\":\"2024-05-15T23:02:23+00:00\",\"description\":\"Realizamos gr\u00e1ficos que reflejan la esencia de Kahai. Estas ilustraciones enriquecen la experiencia visual y refuerzan la conexi\u00f3n emocional.\",\"breadcrumb\":{\"@id\":\"https:\\\/\\\/bybaleon.com\\\/kahai\\\/#breadcrumb\"},\"inLanguage\":\"en-US\",\"potentialAction\":[{\"@type\":\"ReadAction\",\"target\":[\"https:\\\/\\\/bybaleon.com\\\/kahai\\\/\"]}]},{\"@type\":\"ImageObject\",\"inLanguage\":\"en-US\",\"@id\":\"https:\\\/\\\/bybaleon.com\\\/kahai\\\/#primaryimage\",\"url\":\"https:\\\/\\\/bybaleon.com\\\/wp-content\\\/uploads\\\/2024\\\/05\\\/kahai-01.png\",\"contentUrl\":\"https:\\\/\\\/bybaleon.com\\\/wp-content\\\/uploads\\\/2024\\\/05\\\/kahai-01.png\",\"width\":480,\"height\":481},{\"@type\":\"BreadcrumbList\",\"@id\":\"https:\\\/\\\/bybaleon.com\\\/kahai\\\/#breadcrumb\",\"itemListElement\":[{\"@type\":\"ListItem\",\"position\":1,\"name\":\"Inicio\",\"item\":\"https:\\\/\\\/bybaleon.com\\\/\"},{\"@type\":\"ListItem\",\"position\":2,\"name\":\"Kahai\"}]},{\"@type\":\"WebSite\",\"@id\":\"https:\\\/\\\/bybaleon.com\\\/#website\",\"url\":\"https:\\\/\\\/bybaleon.com\\\/\",\"name\":\"Bale\u00f3n\",\"description\":\"Tu Aliado Camale\u00f3nico\",\"publisher\":{\"@id\":\"https:\\\/\\\/bybaleon.com\\\/#organization\"},\"potentialAction\":[{\"@type\":\"SearchAction\",\"target\":{\"@type\":\"EntryPoint\",\"urlTemplate\":\"https:\\\/\\\/bybaleon.com\\\/?s={search_term_string}\"},\"query-input\":{\"@type\":\"PropertyValueSpecification\",\"valueRequired\":true,\"valueName\":\"search_term_string\"}}],\"inLanguage\":\"en-US\"},{\"@type\":\"Organization\",\"@id\":\"https:\\\/\\\/bybaleon.com\\\/#organization\",\"name\":\"Bale\u00f3n\",\"url\":\"https:\\\/\\\/bybaleon.com\\\/\",\"logo\":{\"@type\":\"ImageObject\",\"inLanguage\":\"en-US\",\"@id\":\"https:\\\/\\\/bybaleon.com\\\/#\\\/schema\\\/logo\\\/image\\\/\",\"url\":\"https:\\\/\\\/bybaleon.com\\\/wp-content\\\/uploads\\\/2023\\\/11\\\/logo-baleon-01.svg\",\"contentUrl\":\"https:\\\/\\\/bybaleon.com\\\/wp-content\\\/uploads\\\/2023\\\/11\\\/logo-baleon-01.svg\",\"width\":1280,\"height\":384,\"caption\":\"Bale\u00f3n\"},\"image\":{\"@id\":\"https:\\\/\\\/bybaleon.com\\\/#\\\/schema\\\/logo\\\/image\\\/\"},\"sameAs\":[\"https:\\\/\\\/www.facebook.com\\\/bybaleon\\\/\",\"https:\\\/\\\/www.instagram.com\\\/bybaleon\\\/\",\"https:\\\/\\\/www.tiktok.com\\\/@bybaleon\",\"https:\\\/\\\/www.linkedin.com\\\/company\\\/baleon-digital-creative-studio\\\/\"]}]}<\/script>\n<!-- \/ Yoast SEO plugin. -->","yoast_head_json":{"title":"Kahai - Bale\u00f3n","description":"We make graphics that reflect the essence of Kahai. These illustrations enrich the visual experience and reinforce the emotional connection.","robots":{"index":"index","follow":"follow","max-snippet":"max-snippet:-1","max-image-preview":"max-image-preview:large","max-video-preview":"max-video-preview:-1"},"canonical":"https:\/\/bybaleon.com\/en\/kahai\/","og_locale":"en_US","og_type":"article","og_title":"Kahai - Bale\u00f3n","og_description":"Realizamos gr\u00e1ficos que reflejan la esencia de Kahai. Estas ilustraciones enriquecen la experiencia visual y refuerzan la conexi\u00f3n emocional.","og_url":"https:\/\/bybaleon.com\/en\/kahai\/","og_site_name":"Bale\u00f3n","article_publisher":"https:\/\/www.facebook.com\/bybaleon\/","article_modified_time":"2024-05-15T23:02:23+00:00","og_image":[{"width":480,"height":481,"url":"https:\/\/bybaleon.com\/wp-content\/uploads\/2024\/05\/kahai-01.png","type":"image\/png"}],"twitter_card":"summary_large_image","twitter_misc":{"Est. reading time":"2 minutes"},"schema":{"@context":"https:\/\/schema.org","@graph":[{"@type":"WebPage","@id":"https:\/\/bybaleon.com\/kahai\/","url":"https:\/\/bybaleon.com\/kahai\/","name":"Kahai - Bale\u00f3n","isPartOf":{"@id":"https:\/\/bybaleon.com\/#website"},"primaryImageOfPage":{"@id":"https:\/\/bybaleon.com\/kahai\/#primaryimage"},"image":{"@id":"https:\/\/bybaleon.com\/kahai\/#primaryimage"},"thumbnailUrl":"https:\/\/bybaleon.com\/wp-content\/uploads\/2024\/05\/kahai-01.png","datePublished":"2024-05-15T19:56:37+00:00","dateModified":"2024-05-15T23:02:23+00:00","description":"We make graphics that reflect the essence of Kahai. These illustrations enrich the visual experience and reinforce the emotional connection.","breadcrumb":{"@id":"https:\/\/bybaleon.com\/kahai\/#breadcrumb"},"inLanguage":"en-US","potentialAction":[{"@type":"ReadAction","target":["https:\/\/bybaleon.com\/kahai\/"]}]},{"@type":"ImageObject","inLanguage":"en-US","@id":"https:\/\/bybaleon.com\/kahai\/#primaryimage","url":"https:\/\/bybaleon.com\/wp-content\/uploads\/2024\/05\/kahai-01.png","contentUrl":"https:\/\/bybaleon.com\/wp-content\/uploads\/2024\/05\/kahai-01.png","width":480,"height":481},{"@type":"BreadcrumbList","@id":"https:\/\/bybaleon.com\/kahai\/#breadcrumb","itemListElement":[{"@type":"ListItem","position":1,"name":"Inicio","item":"https:\/\/bybaleon.com\/"},{"@type":"ListItem","position":2,"name":"Kahai"}]},{"@type":"WebSite","@id":"https:\/\/bybaleon.com\/#website","url":"https:\/\/bybaleon.com\/","name":"Bale\u00f3n","description":"Your Ally Chameleon","publisher":{"@id":"https:\/\/bybaleon.com\/#organization"},"potentialAction":[{"@type":"SearchAction","target":{"@type":"EntryPoint","urlTemplate":"https:\/\/bybaleon.com\/?s={search_term_string}"},"query-input":{"@type":"PropertyValueSpecification","valueRequired":true,"valueName":"search_term_string"}}],"inLanguage":"en-US"},{"@type":"Organization","@id":"https:\/\/bybaleon.com\/#organization","name":"Bale\u00f3n","url":"https:\/\/bybaleon.com\/","logo":{"@type":"ImageObject","inLanguage":"en-US","@id":"https:\/\/bybaleon.com\/#\/schema\/logo\/image\/","url":"https:\/\/bybaleon.com\/wp-content\/uploads\/2023\/11\/logo-baleon-01.svg","contentUrl":"https:\/\/bybaleon.com\/wp-content\/uploads\/2023\/11\/logo-baleon-01.svg","width":1280,"height":384,"caption":"Bale\u00f3n"},"image":{"@id":"https:\/\/bybaleon.com\/#\/schema\/logo\/image\/"},"sameAs":["https:\/\/www.facebook.com\/bybaleon\/","https:\/\/www.instagram.com\/bybaleon\/","https:\/\/www.tiktok.com\/@bybaleon","https:\/\/www.linkedin.com\/company\/baleon-digital-creative-studio\/"]}]}},"_links":{"self":[{"href":"https:\/\/bybaleon.com\/en\/wp-json\/wp\/v2\/pages\/2235","targetHints":{"allow":["GET"]}}],"collection":[{"href":"https:\/\/bybaleon.com\/en\/wp-json\/wp\/v2\/pages"}],"about":[{"href":"https:\/\/bybaleon.com\/en\/wp-json\/wp\/v2\/types\/page"}],"author":[{"embeddable":true,"href":"https:\/\/bybaleon.com\/en\/wp-json\/wp\/v2\/users\/1"}],"replies":[{"embeddable":true,"href":"https:\/\/bybaleon.com\/en\/wp-json\/wp\/v2\/comments?post=2235"}],"version-history":[{"count":11,"href":"https:\/\/bybaleon.com\/en\/wp-json\/wp\/v2\/pages\/2235\/revisions"}],"predecessor-version":[{"id":2325,"href":"https:\/\/bybaleon.com\/en\/wp-json\/wp\/v2\/pages\/2235\/revisions\/2325"}],"wp:featuredmedia":[{"embeddable":true,"href":"https:\/\/bybaleon.com\/en\/wp-json\/wp\/v2\/media\/2253"}],"wp:attachment":[{"href":"https:\/\/bybaleon.com\/en\/wp-json\/wp\/v2\/media?parent=2235"}],"curies":[{"name":"wp","href":"https:\/\/api.w.org\/{rel}","templated":true}]}}